{"id":8,"date":"2017-08-02T13:51:05","date_gmt":"2017-08-02T11:51:05","guid":{"rendered":"http:\/\/larsonline.dk\/wordpress\/?page_id=8"},"modified":"2024-09-24T14:03:06","modified_gmt":"2024-09-24T12:03:06","slug":"om","status":"publish","type":"page","link":"https:\/\/larsonline.dk\/wordpress\/om\/","title":{"rendered":"Om"},"content":{"rendered":"\n<p><strong>Lars Kristian S\u00f8rensen<\/strong><br>musiker og underholder<\/p>\n\n\n\n<ul class=\"wp-block-list\">\n<li>Guitarist, sanger, saxofonist, dirigent, musikl\u00e6rer, komponist og arrang\u00f8r. F\u00f8dt 15. december 1966 i Slagelse.<\/li>\n\n\n\n<li>Optr\u00e6der i dag fortrinsvis som solist med guitar og sang.<\/li>\n\n\n\n<li>Ikke formelt uddannet, men har diverse kortere- og l\u00e6ngevarende kurser i musik, p\u00e6dagogik og direktion, bl.a. fra Syddansk Musikkonservatorium i Odense.<\/li>\n\n\n\n<li>Producer af radio og tv &#8211; reklame p\u00e5 Lydkontoret i Slagelse indtil 1995. Kundekreds bl.a. TV2 og diverse lokale radio &#8211; og TV medier.<\/li>\n\n\n\n<li>Stiftede i 2004 <a href=\"https:\/\/www.rytmekor.dk\" title=\"\">Sk\u00e6lsk\u00f8r Rytmiske Kor.<\/a> I dag et kor p\u00e5 50 sangere med et stort blandet repertoire med fokus p\u00e5 underholdning.<\/li>\n\n\n\n<li>Var i en \u00e5rer\u00e6kke forsanger og guitarist i rocktrioen City Rollers, som var et af de f\u00f8rste bands i Danmark, der fors\u00f8gte at kombinere klassisk rock og folkelig underholdning.<\/li>\n\n\n\n<li>Har oprettet og underviser p\u00e5 <a href=\"https:\/\/www.fof.dk\/da\/sydvest\/kurser\/sang-og-musik\/strengeinstrumenter\/guitar\" title=\"\">Guitarskolen<\/a> i Slagelse, som i samarbejde med FOF leverer guitarundervisning af h\u00f8j kvalitet til voksenelever p\u00e5 alle niveauer.<\/li>\n\n\n\n<li>Har i mange \u00e5r arbejdet med kirkemusik og m\u00f8det imellem klassisk og rytmisk musik i kirkerummet. Siden 2015 i <a href=\"https:\/\/www.tjaerebysogn.dk\" title=\"\">Tj\u00e6reby pastorat.<\/a><\/li>\n\n\n\n<li>Har i samarbejde med Sk\u00e6lsk\u00f8r Rytmiske Kor oprettet <a href=\"http:\/\/vildevestsjaelland.rytmekor.dk\" title=\"\">Vilde Vestsj\u00e6lland<\/a> &#8211; en \u00e5rlig showcase for lokal rytmisk musik p\u00e5 Vestsj\u00e6lland.<\/li>\n\n\n\n<li>Arbejdede som musikanmelder for den danske udgave af magasinet Slitz.<\/li>\n<\/ul>\n\n\n\n<figure class=\"wp-block-image is-resized\"><a href=\"https:\/\/dmf.dk\"><img decoding=\"async\" src=\"https:\/\/dmf.dk\/sites\/default\/files\/paragraph\/field_files\/logo_dmf_stang_dk_hvid.jpg\" alt=\"\" style=\"width:301px;height:39px\"\/><\/a><\/figure>\n","protected":false},"excerpt":{"rendered":"<p>Lars Kristian S\u00f8rensenmusiker og underholder<\/p>\n","protected":false},"author":1,"featured_media":29,"parent":0,"menu_order":0,"comment_status":"closed","ping_status":"closed","template":"","meta":{"footnotes":""},"class_list":["post-8","page","type-page","status-publish","has-post-thumbnail","hentry"],"yoast_head":"<!-- This site is optimized with the Yoast SEO plugin v27.6 - https:\/\/yoast.com\/product\/yoast-seo-wordpress\/ -->\n<title>Om - Lars Kristian S\u00f8rensen<\/title>\n<meta name=\"robots\" content=\"index, follow, max-snippet:-1, max-image-preview:large, max-video-preview:-1\" \/>\n<link rel=\"canonical\" href=\"https:\/\/larsonline.dk\/wordpress\/om\/\" \/>\n<meta property=\"og:locale\" content=\"da_DK\" \/>\n<meta property=\"og:type\" content=\"article\" \/>\n<meta property=\"og:title\" content=\"Om - Lars Kristian S\u00f8rensen\" \/>\n<meta property=\"og:description\" content=\"Lars Kristian S\u00f8rensenmusiker og underholder\" \/>\n<meta property=\"og:url\" content=\"https:\/\/larsonline.dk\/wordpress\/om\/\" \/>\n<meta property=\"og:site_name\" content=\"Lars Kristian S\u00f8rensen\" \/>\n<meta property=\"article:publisher\" content=\"https:\/\/www.facebook.com\/larskristiansorensen\/\" \/>\n<meta property=\"article:modified_time\" content=\"2024-09-24T12:03:06+00:00\" \/>\n<meta property=\"og:image\" content=\"https:\/\/larsonline.dk\/wordpress\/wp-content\/uploads\/2017\/08\/Lars1of7-e1726736161834.jpg\" \/>\n\t<meta property=\"og:image:width\" content=\"2406\" \/>\n\t<meta property=\"og:image:height\" content=\"1612\" \/>\n\t<meta property=\"og:image:type\" content=\"image\/jpeg\" \/>\n<meta name=\"twitter:card\" content=\"summary_large_image\" \/>\n<meta name=\"twitter:label1\" content=\"Estimeret l\u00e6setid\" \/>\n\t<meta name=\"twitter:data1\" content=\"1 minut\" \/>\n<script type=\"application\/ld+json\" class=\"yoast-schema-graph\">{\"@context\":\"https:\\\/\\\/schema.org\",\"@graph\":[{\"@type\":\"WebPage\",\"@id\":\"https:\\\/\\\/larsonline.dk\\\/wordpress\\\/om\\\/\",\"url\":\"https:\\\/\\\/larsonline.dk\\\/wordpress\\\/om\\\/\",\"name\":\"Om - Lars Kristian S\u00f8rensen\",\"isPartOf\":{\"@id\":\"https:\\\/\\\/larsonline.dk\\\/wordpress\\\/#website\"},\"primaryImageOfPage\":{\"@id\":\"https:\\\/\\\/larsonline.dk\\\/wordpress\\\/om\\\/#primaryimage\"},\"image\":{\"@id\":\"https:\\\/\\\/larsonline.dk\\\/wordpress\\\/om\\\/#primaryimage\"},\"thumbnailUrl\":\"https:\\\/\\\/larsonline.dk\\\/wordpress\\\/wp-content\\\/uploads\\\/2017\\\/08\\\/Lars1of7-e1726736161834.jpg\",\"datePublished\":\"2017-08-02T11:51:05+00:00\",\"dateModified\":\"2024-09-24T12:03:06+00:00\",\"breadcrumb\":{\"@id\":\"https:\\\/\\\/larsonline.dk\\\/wordpress\\\/om\\\/#breadcrumb\"},\"inLanguage\":\"da-DK\",\"potentialAction\":[{\"@type\":\"ReadAction\",\"target\":[\"https:\\\/\\\/larsonline.dk\\\/wordpress\\\/om\\\/\"]}]},{\"@type\":\"ImageObject\",\"inLanguage\":\"da-DK\",\"@id\":\"https:\\\/\\\/larsonline.dk\\\/wordpress\\\/om\\\/#primaryimage\",\"url\":\"https:\\\/\\\/larsonline.dk\\\/wordpress\\\/wp-content\\\/uploads\\\/2017\\\/08\\\/Lars1of7-e1726736161834.jpg\",\"contentUrl\":\"https:\\\/\\\/larsonline.dk\\\/wordpress\\\/wp-content\\\/uploads\\\/2017\\\/08\\\/Lars1of7-e1726736161834.jpg\",\"width\":2406,\"height\":1612},{\"@type\":\"BreadcrumbList\",\"@id\":\"https:\\\/\\\/larsonline.dk\\\/wordpress\\\/om\\\/#breadcrumb\",\"itemListElement\":[{\"@type\":\"ListItem\",\"position\":1,\"name\":\"Hjem\",\"item\":\"https:\\\/\\\/larsonline.dk\\\/wordpress\\\/\"},{\"@type\":\"ListItem\",\"position\":2,\"name\":\"Om\"}]},{\"@type\":\"WebSite\",\"@id\":\"https:\\\/\\\/larsonline.dk\\\/wordpress\\\/#website\",\"url\":\"https:\\\/\\\/larsonline.dk\\\/wordpress\\\/\",\"name\":\"Lars Kristian S\u00f8rensen\",\"description\":\"\",\"publisher\":{\"@id\":\"https:\\\/\\\/larsonline.dk\\\/wordpress\\\/#\\\/schema\\\/person\\\/299b0784e5767b7d38d21b3b9f0418f8\"},\"potentialAction\":[{\"@type\":\"SearchAction\",\"target\":{\"@type\":\"EntryPoint\",\"urlTemplate\":\"https:\\\/\\\/larsonline.dk\\\/wordpress\\\/?s={search_term_string}\"},\"query-input\":{\"@type\":\"PropertyValueSpecification\",\"valueRequired\":true,\"valueName\":\"search_term_string\"}}],\"inLanguage\":\"da-DK\"},{\"@type\":[\"Person\",\"Organization\"],\"@id\":\"https:\\\/\\\/larsonline.dk\\\/wordpress\\\/#\\\/schema\\\/person\\\/299b0784e5767b7d38d21b3b9f0418f8\",\"name\":\"Lars\",\"image\":{\"@type\":\"ImageObject\",\"inLanguage\":\"da-DK\",\"@id\":\"https:\\\/\\\/larsonline.dk\\\/wordpress\\\/wp-content\\\/uploads\\\/2022\\\/05\\\/Logo.jpg\",\"url\":\"https:\\\/\\\/larsonline.dk\\\/wordpress\\\/wp-content\\\/uploads\\\/2022\\\/05\\\/Logo.jpg\",\"contentUrl\":\"https:\\\/\\\/larsonline.dk\\\/wordpress\\\/wp-content\\\/uploads\\\/2022\\\/05\\\/Logo.jpg\",\"width\":190,\"height\":190,\"caption\":\"Lars\"},\"logo\":{\"@id\":\"https:\\\/\\\/larsonline.dk\\\/wordpress\\\/wp-content\\\/uploads\\\/2022\\\/05\\\/Logo.jpg\"},\"sameAs\":[\"https:\\\/\\\/www.facebook.com\\\/larskristiansorensen\\\/\",\"https:\\\/\\\/www.instagram.com\\\/larskrsorensen\\\/\"]}]}<\/script>\n<!-- \/ Yoast SEO plugin. -->","yoast_head_json":{"title":"Om - Lars Kristian S\u00f8rensen","robots":{"index":"index","follow":"follow","max-snippet":"max-snippet:-1","max-image-preview":"max-image-preview:large","max-video-preview":"max-video-preview:-1"},"canonical":"https:\/\/larsonline.dk\/wordpress\/om\/","og_locale":"da_DK","og_type":"article","og_title":"Om - Lars Kristian S\u00f8rensen","og_description":"Lars Kristian S\u00f8rensenmusiker og underholder","og_url":"https:\/\/larsonline.dk\/wordpress\/om\/","og_site_name":"Lars Kristian S\u00f8rensen","article_publisher":"https:\/\/www.facebook.com\/larskristiansorensen\/","article_modified_time":"2024-09-24T12:03:06+00:00","og_image":[{"width":2406,"height":1612,"url":"https:\/\/larsonline.dk\/wordpress\/wp-content\/uploads\/2017\/08\/Lars1of7-e1726736161834.jpg","type":"image\/jpeg"}],"twitter_card":"summary_large_image","twitter_misc":{"Estimeret l\u00e6setid":"1 minut"},"schema":{"@context":"https:\/\/schema.org","@graph":[{"@type":"WebPage","@id":"https:\/\/larsonline.dk\/wordpress\/om\/","url":"https:\/\/larsonline.dk\/wordpress\/om\/","name":"Om - Lars Kristian S\u00f8rensen","isPartOf":{"@id":"https:\/\/larsonline.dk\/wordpress\/#website"},"primaryImageOfPage":{"@id":"https:\/\/larsonline.dk\/wordpress\/om\/#primaryimage"},"image":{"@id":"https:\/\/larsonline.dk\/wordpress\/om\/#primaryimage"},"thumbnailUrl":"https:\/\/larsonline.dk\/wordpress\/wp-content\/uploads\/2017\/08\/Lars1of7-e1726736161834.jpg","datePublished":"2017-08-02T11:51:05+00:00","dateModified":"2024-09-24T12:03:06+00:00","breadcrumb":{"@id":"https:\/\/larsonline.dk\/wordpress\/om\/#breadcrumb"},"inLanguage":"da-DK","potentialAction":[{"@type":"ReadAction","target":["https:\/\/larsonline.dk\/wordpress\/om\/"]}]},{"@type":"ImageObject","inLanguage":"da-DK","@id":"https:\/\/larsonline.dk\/wordpress\/om\/#primaryimage","url":"https:\/\/larsonline.dk\/wordpress\/wp-content\/uploads\/2017\/08\/Lars1of7-e1726736161834.jpg","contentUrl":"https:\/\/larsonline.dk\/wordpress\/wp-content\/uploads\/2017\/08\/Lars1of7-e1726736161834.jpg","width":2406,"height":1612},{"@type":"BreadcrumbList","@id":"https:\/\/larsonline.dk\/wordpress\/om\/#breadcrumb","itemListElement":[{"@type":"ListItem","position":1,"name":"Hjem","item":"https:\/\/larsonline.dk\/wordpress\/"},{"@type":"ListItem","position":2,"name":"Om"}]},{"@type":"WebSite","@id":"https:\/\/larsonline.dk\/wordpress\/#website","url":"https:\/\/larsonline.dk\/wordpress\/","name":"Lars Kristian S\u00f8rensen","description":"","publisher":{"@id":"https:\/\/larsonline.dk\/wordpress\/#\/schema\/person\/299b0784e5767b7d38d21b3b9f0418f8"},"potentialAction":[{"@type":"SearchAction","target":{"@type":"EntryPoint","urlTemplate":"https:\/\/larsonline.dk\/wordpress\/?s={search_term_string}"},"query-input":{"@type":"PropertyValueSpecification","valueRequired":true,"valueName":"search_term_string"}}],"inLanguage":"da-DK"},{"@type":["Person","Organization"],"@id":"https:\/\/larsonline.dk\/wordpress\/#\/schema\/person\/299b0784e5767b7d38d21b3b9f0418f8","name":"Lars","image":{"@type":"ImageObject","inLanguage":"da-DK","@id":"https:\/\/larsonline.dk\/wordpress\/wp-content\/uploads\/2022\/05\/Logo.jpg","url":"https:\/\/larsonline.dk\/wordpress\/wp-content\/uploads\/2022\/05\/Logo.jpg","contentUrl":"https:\/\/larsonline.dk\/wordpress\/wp-content\/uploads\/2022\/05\/Logo.jpg","width":190,"height":190,"caption":"Lars"},"logo":{"@id":"https:\/\/larsonline.dk\/wordpress\/wp-content\/uploads\/2022\/05\/Logo.jpg"},"sameAs":["https:\/\/www.facebook.com\/larskristiansorensen\/","https:\/\/www.instagram.com\/larskrsorensen\/"]}]}},"_links":{"self":[{"href":"https:\/\/larsonline.dk\/wordpress\/wp-json\/wp\/v2\/pages\/8","targetHints":{"allow":["GET"]}}],"collection":[{"href":"https:\/\/larsonline.dk\/wordpress\/wp-json\/wp\/v2\/pages"}],"about":[{"href":"https:\/\/larsonline.dk\/wordpress\/wp-json\/wp\/v2\/types\/page"}],"author":[{"embeddable":true,"href":"https:\/\/larsonline.dk\/wordpress\/wp-json\/wp\/v2\/users\/1"}],"replies":[{"embeddable":true,"href":"https:\/\/larsonline.dk\/wordpress\/wp-json\/wp\/v2\/comments?post=8"}],"version-history":[{"count":30,"href":"https:\/\/larsonline.dk\/wordpress\/wp-json\/wp\/v2\/pages\/8\/revisions"}],"predecessor-version":[{"id":425,"href":"https:\/\/larsonline.dk\/wordpress\/wp-json\/wp\/v2\/pages\/8\/revisions\/425"}],"wp:featuredmedia":[{"embeddable":true,"href":"https:\/\/larsonline.dk\/wordpress\/wp-json\/wp\/v2\/media\/29"}],"wp:attachment":[{"href":"https:\/\/larsonline.dk\/wordpress\/wp-json\/wp\/v2\/media?parent=8"}],"curies":[{"name":"wp","href":"https:\/\/api.w.org\/{rel}","templated":true}]}}