{"id":79,"date":"2022-05-18T14:21:44","date_gmt":"2022-05-18T12:21:44","guid":{"rendered":"http:\/\/larsonline.dk\/wordpress\/?page_id=79"},"modified":"2023-02-27T14:21:52","modified_gmt":"2023-02-27T13:21:52","slug":"faellessang","status":"publish","type":"page","link":"https:\/\/larsonline.dk\/wordpress\/faellessang\/","title":{"rendered":"F\u00e6llessang"},"content":{"rendered":"\n<p><em>med et moderne twist<\/em><\/p>\n\n\n\n<figure class=\"wp-block-image size-full\"><img loading=\"lazy\" decoding=\"async\" width=\"470\" height=\"470\" src=\"http:\/\/larsonline.dk\/wordpress\/wp-content\/uploads\/2022\/06\/Faellessang.jpg\" alt=\"\" class=\"wp-image-209\"\/><figcaption class=\"wp-element-caption\">Foto: N\u00e6stved Bibliotek<\/figcaption><\/figure>\n\n\n\n<p>Sang skaber f\u00e6llesskab.<\/p>\n\n\n\n<p>Popsange. H\u00f8jskolesangbogen. M\u00e5ske en salme.<\/p>\n\n\n\n<p>F\u00e6llessang forbinder!<\/p>\n\n\n\n<p>Det havde vi danskere n\u00e6sten glemt, men under coronakrisen genopdagede vi d\u00e9t, som generationerne f\u00f8r os s\u00e5 udm\u00e6rket kendte og elskede.<\/p>\n\n\n\n<p>Giv dine g\u00e6ster, venner eller medarbejdere en time, hvor uret bliver sat i st\u00e5 og sangen sat p\u00e5 vinger.<\/p>\n\n\n\n<p>Pris: 1 x 45 minutter: kr. 4.500,-<\/p>\n\n\n\n<p><em>Pris kan variere efter arrangementets st\u00f8rrelse og afstand. Ring eller skriv for n\u00e6rmere aftale.<\/em><\/p>\n","protected":false},"excerpt":{"rendered":"<p>med et moderne twist Sang skaber f\u00e6llesskab. Popsange. H\u00f8jskolesangbogen. M\u00e5ske en salme. F\u00e6llessang forbinder! Det havde vi danskere n\u00e6sten glemt, men under coronakrisen genopdagede vi d\u00e9t, som generationerne f\u00f8r os s\u00e5 udm\u00e6rket kendte og elskede. Giv dine g\u00e6ster, venner eller medarbejdere en time, hvor uret bliver sat i st\u00e5 og sangen sat p\u00e5 vinger. Pris: &hellip; <a href=\"https:\/\/larsonline.dk\/wordpress\/faellessang\/\" class=\"more-link\">L\u00e6s videre <span class=\"screen-reader-text\">F\u00e6llessang<\/span> <span class=\"meta-nav\">&rarr;<\/span><\/a><\/p>\n","protected":false},"author":1,"featured_media":0,"parent":0,"menu_order":0,"comment_status":"closed","ping_status":"closed","template":"","meta":{"footnotes":""},"class_list":["post-79","page","type-page","status-publish","hentry"],"yoast_head":"<!-- This site is optimized with the Yoast SEO plugin v27.5 - https:\/\/yoast.com\/product\/yoast-seo-wordpress\/ -->\n<title>F\u00e6llessang - Lars Kristian S\u00f8rensen<\/title>\n<meta name=\"robots\" content=\"index, follow, max-snippet:-1, max-image-preview:large, max-video-preview:-1\" \/>\n<link rel=\"canonical\" href=\"https:\/\/larsonline.dk\/wordpress\/faellessang\/\" \/>\n<meta property=\"og:locale\" content=\"da_DK\" \/>\n<meta property=\"og:type\" content=\"article\" \/>\n<meta property=\"og:title\" content=\"F\u00e6llessang - Lars Kristian S\u00f8rensen\" \/>\n<meta property=\"og:description\" content=\"med et moderne twist Sang skaber f\u00e6llesskab. Popsange. H\u00f8jskolesangbogen. M\u00e5ske en salme. F\u00e6llessang forbinder! Det havde vi danskere n\u00e6sten glemt, men under coronakrisen genopdagede vi d\u00e9t, som generationerne f\u00f8r os s\u00e5 udm\u00e6rket kendte og elskede. Giv dine g\u00e6ster, venner eller medarbejdere en time, hvor uret bliver sat i st\u00e5 og sangen sat p\u00e5 vinger. Pris: &hellip; L\u00e6s videre F\u00e6llessang &rarr;\" \/>\n<meta property=\"og:url\" content=\"https:\/\/larsonline.dk\/wordpress\/faellessang\/\" \/>\n<meta property=\"og:site_name\" content=\"Lars Kristian S\u00f8rensen\" \/>\n<meta property=\"article:publisher\" content=\"https:\/\/www.facebook.com\/larskristiansorensen\/\" \/>\n<meta property=\"article:modified_time\" content=\"2023-02-27T13:21:52+00:00\" \/>\n<meta property=\"og:image\" content=\"http:\/\/larsonline.dk\/wordpress\/wp-content\/uploads\/2022\/06\/Faellessang.jpg\" \/>\n<meta name=\"twitter:card\" content=\"summary_large_image\" \/>\n<script type=\"application\/ld+json\" class=\"yoast-schema-graph\">{\"@context\":\"https:\\\/\\\/schema.org\",\"@graph\":[{\"@type\":\"WebPage\",\"@id\":\"https:\\\/\\\/larsonline.dk\\\/wordpress\\\/faellessang\\\/\",\"url\":\"https:\\\/\\\/larsonline.dk\\\/wordpress\\\/faellessang\\\/\",\"name\":\"F\u00e6llessang - Lars Kristian S\u00f8rensen\",\"isPartOf\":{\"@id\":\"https:\\\/\\\/larsonline.dk\\\/wordpress\\\/#website\"},\"primaryImageOfPage\":{\"@id\":\"https:\\\/\\\/larsonline.dk\\\/wordpress\\\/faellessang\\\/#primaryimage\"},\"image\":{\"@id\":\"https:\\\/\\\/larsonline.dk\\\/wordpress\\\/faellessang\\\/#primaryimage\"},\"thumbnailUrl\":\"http:\\\/\\\/larsonline.dk\\\/wordpress\\\/wp-content\\\/uploads\\\/2022\\\/06\\\/Faellessang.jpg\",\"datePublished\":\"2022-05-18T12:21:44+00:00\",\"dateModified\":\"2023-02-27T13:21:52+00:00\",\"breadcrumb\":{\"@id\":\"https:\\\/\\\/larsonline.dk\\\/wordpress\\\/faellessang\\\/#breadcrumb\"},\"inLanguage\":\"da-DK\",\"potentialAction\":[{\"@type\":\"ReadAction\",\"target\":[\"https:\\\/\\\/larsonline.dk\\\/wordpress\\\/faellessang\\\/\"]}]},{\"@type\":\"ImageObject\",\"inLanguage\":\"da-DK\",\"@id\":\"https:\\\/\\\/larsonline.dk\\\/wordpress\\\/faellessang\\\/#primaryimage\",\"url\":\"https:\\\/\\\/larsonline.dk\\\/wordpress\\\/wp-content\\\/uploads\\\/2022\\\/06\\\/Faellessang.jpg\",\"contentUrl\":\"https:\\\/\\\/larsonline.dk\\\/wordpress\\\/wp-content\\\/uploads\\\/2022\\\/06\\\/Faellessang.jpg\",\"width\":470,\"height\":470},{\"@type\":\"BreadcrumbList\",\"@id\":\"https:\\\/\\\/larsonline.dk\\\/wordpress\\\/faellessang\\\/#breadcrumb\",\"itemListElement\":[{\"@type\":\"ListItem\",\"position\":1,\"name\":\"Hjem\",\"item\":\"https:\\\/\\\/larsonline.dk\\\/wordpress\\\/\"},{\"@type\":\"ListItem\",\"position\":2,\"name\":\"F\u00e6llessang\"}]},{\"@type\":\"WebSite\",\"@id\":\"https:\\\/\\\/larsonline.dk\\\/wordpress\\\/#website\",\"url\":\"https:\\\/\\\/larsonline.dk\\\/wordpress\\\/\",\"name\":\"Lars Kristian S\u00f8rensen\",\"description\":\"\",\"publisher\":{\"@id\":\"https:\\\/\\\/larsonline.dk\\\/wordpress\\\/#\\\/schema\\\/person\\\/299b0784e5767b7d38d21b3b9f0418f8\"},\"potentialAction\":[{\"@type\":\"SearchAction\",\"target\":{\"@type\":\"EntryPoint\",\"urlTemplate\":\"https:\\\/\\\/larsonline.dk\\\/wordpress\\\/?s={search_term_string}\"},\"query-input\":{\"@type\":\"PropertyValueSpecification\",\"valueRequired\":true,\"valueName\":\"search_term_string\"}}],\"inLanguage\":\"da-DK\"},{\"@type\":[\"Person\",\"Organization\"],\"@id\":\"https:\\\/\\\/larsonline.dk\\\/wordpress\\\/#\\\/schema\\\/person\\\/299b0784e5767b7d38d21b3b9f0418f8\",\"name\":\"Lars\",\"image\":{\"@type\":\"ImageObject\",\"inLanguage\":\"da-DK\",\"@id\":\"https:\\\/\\\/larsonline.dk\\\/wordpress\\\/wp-content\\\/uploads\\\/2022\\\/05\\\/Logo.jpg\",\"url\":\"https:\\\/\\\/larsonline.dk\\\/wordpress\\\/wp-content\\\/uploads\\\/2022\\\/05\\\/Logo.jpg\",\"contentUrl\":\"https:\\\/\\\/larsonline.dk\\\/wordpress\\\/wp-content\\\/uploads\\\/2022\\\/05\\\/Logo.jpg\",\"width\":190,\"height\":190,\"caption\":\"Lars\"},\"logo\":{\"@id\":\"https:\\\/\\\/larsonline.dk\\\/wordpress\\\/wp-content\\\/uploads\\\/2022\\\/05\\\/Logo.jpg\"},\"sameAs\":[\"https:\\\/\\\/www.facebook.com\\\/larskristiansorensen\\\/\",\"https:\\\/\\\/www.instagram.com\\\/larskrsorensen\\\/\"]}]}<\/script>\n<!-- \/ Yoast SEO plugin. -->","yoast_head_json":{"title":"F\u00e6llessang - Lars Kristian S\u00f8rensen","robots":{"index":"index","follow":"follow","max-snippet":"max-snippet:-1","max-image-preview":"max-image-preview:large","max-video-preview":"max-video-preview:-1"},"canonical":"https:\/\/larsonline.dk\/wordpress\/faellessang\/","og_locale":"da_DK","og_type":"article","og_title":"F\u00e6llessang - Lars Kristian S\u00f8rensen","og_description":"med et moderne twist Sang skaber f\u00e6llesskab. Popsange. H\u00f8jskolesangbogen. M\u00e5ske en salme. F\u00e6llessang forbinder! Det havde vi danskere n\u00e6sten glemt, men under coronakrisen genopdagede vi d\u00e9t, som generationerne f\u00f8r os s\u00e5 udm\u00e6rket kendte og elskede. Giv dine g\u00e6ster, venner eller medarbejdere en time, hvor uret bliver sat i st\u00e5 og sangen sat p\u00e5 vinger. Pris: &hellip; L\u00e6s videre F\u00e6llessang &rarr;","og_url":"https:\/\/larsonline.dk\/wordpress\/faellessang\/","og_site_name":"Lars Kristian S\u00f8rensen","article_publisher":"https:\/\/www.facebook.com\/larskristiansorensen\/","article_modified_time":"2023-02-27T13:21:52+00:00","og_image":[{"url":"http:\/\/larsonline.dk\/wordpress\/wp-content\/uploads\/2022\/06\/Faellessang.jpg","type":"","width":"","height":""}],"twitter_card":"summary_large_image","schema":{"@context":"https:\/\/schema.org","@graph":[{"@type":"WebPage","@id":"https:\/\/larsonline.dk\/wordpress\/faellessang\/","url":"https:\/\/larsonline.dk\/wordpress\/faellessang\/","name":"F\u00e6llessang - Lars Kristian S\u00f8rensen","isPartOf":{"@id":"https:\/\/larsonline.dk\/wordpress\/#website"},"primaryImageOfPage":{"@id":"https:\/\/larsonline.dk\/wordpress\/faellessang\/#primaryimage"},"image":{"@id":"https:\/\/larsonline.dk\/wordpress\/faellessang\/#primaryimage"},"thumbnailUrl":"http:\/\/larsonline.dk\/wordpress\/wp-content\/uploads\/2022\/06\/Faellessang.jpg","datePublished":"2022-05-18T12:21:44+00:00","dateModified":"2023-02-27T13:21:52+00:00","breadcrumb":{"@id":"https:\/\/larsonline.dk\/wordpress\/faellessang\/#breadcrumb"},"inLanguage":"da-DK","potentialAction":[{"@type":"ReadAction","target":["https:\/\/larsonline.dk\/wordpress\/faellessang\/"]}]},{"@type":"ImageObject","inLanguage":"da-DK","@id":"https:\/\/larsonline.dk\/wordpress\/faellessang\/#primaryimage","url":"https:\/\/larsonline.dk\/wordpress\/wp-content\/uploads\/2022\/06\/Faellessang.jpg","contentUrl":"https:\/\/larsonline.dk\/wordpress\/wp-content\/uploads\/2022\/06\/Faellessang.jpg","width":470,"height":470},{"@type":"BreadcrumbList","@id":"https:\/\/larsonline.dk\/wordpress\/faellessang\/#breadcrumb","itemListElement":[{"@type":"ListItem","position":1,"name":"Hjem","item":"https:\/\/larsonline.dk\/wordpress\/"},{"@type":"ListItem","position":2,"name":"F\u00e6llessang"}]},{"@type":"WebSite","@id":"https:\/\/larsonline.dk\/wordpress\/#website","url":"https:\/\/larsonline.dk\/wordpress\/","name":"Lars Kristian S\u00f8rensen","description":"","publisher":{"@id":"https:\/\/larsonline.dk\/wordpress\/#\/schema\/person\/299b0784e5767b7d38d21b3b9f0418f8"},"potentialAction":[{"@type":"SearchAction","target":{"@type":"EntryPoint","urlTemplate":"https:\/\/larsonline.dk\/wordpress\/?s={search_term_string}"},"query-input":{"@type":"PropertyValueSpecification","valueRequired":true,"valueName":"search_term_string"}}],"inLanguage":"da-DK"},{"@type":["Person","Organization"],"@id":"https:\/\/larsonline.dk\/wordpress\/#\/schema\/person\/299b0784e5767b7d38d21b3b9f0418f8","name":"Lars","image":{"@type":"ImageObject","inLanguage":"da-DK","@id":"https:\/\/larsonline.dk\/wordpress\/wp-content\/uploads\/2022\/05\/Logo.jpg","url":"https:\/\/larsonline.dk\/wordpress\/wp-content\/uploads\/2022\/05\/Logo.jpg","contentUrl":"https:\/\/larsonline.dk\/wordpress\/wp-content\/uploads\/2022\/05\/Logo.jpg","width":190,"height":190,"caption":"Lars"},"logo":{"@id":"https:\/\/larsonline.dk\/wordpress\/wp-content\/uploads\/2022\/05\/Logo.jpg"},"sameAs":["https:\/\/www.facebook.com\/larskristiansorensen\/","https:\/\/www.instagram.com\/larskrsorensen\/"]}]}},"_links":{"self":[{"href":"https:\/\/larsonline.dk\/wordpress\/wp-json\/wp\/v2\/pages\/79","targetHints":{"allow":["GET"]}}],"collection":[{"href":"https:\/\/larsonline.dk\/wordpress\/wp-json\/wp\/v2\/pages"}],"about":[{"href":"https:\/\/larsonline.dk\/wordpress\/wp-json\/wp\/v2\/types\/page"}],"author":[{"embeddable":true,"href":"https:\/\/larsonline.dk\/wordpress\/wp-json\/wp\/v2\/users\/1"}],"replies":[{"embeddable":true,"href":"https:\/\/larsonline.dk\/wordpress\/wp-json\/wp\/v2\/comments?post=79"}],"version-history":[{"count":8,"href":"https:\/\/larsonline.dk\/wordpress\/wp-json\/wp\/v2\/pages\/79\/revisions"}],"predecessor-version":[{"id":287,"href":"https:\/\/larsonline.dk\/wordpress\/wp-json\/wp\/v2\/pages\/79\/revisions\/287"}],"wp:attachment":[{"href":"https:\/\/larsonline.dk\/wordpress\/wp-json\/wp\/v2\/media?parent=79"}],"curies":[{"name":"wp","href":"https:\/\/api.w.org\/{rel}","templated":true}]}}