{"id":7,"date":"2017-08-02T13:51:05","date_gmt":"2017-08-02T11:51:05","guid":{"rendered":"http:\/\/larsonline.dk\/wordpress\/?page_id=7"},"modified":"2025-08-07T13:49:10","modified_gmt":"2025-08-07T11:49:10","slug":"hjem","status":"publish","type":"page","link":"https:\/\/larsonline.dk\/wordpress\/","title":{"rendered":"Velkommen"},"content":{"rendered":"\n<p><strong>&#8211; og tak fordi du kigger forbi min hjemmeside<\/strong><\/p>\n\n\n\n<p>Her finder du en bred palet af musikalske produkter, jeg kan tilbyde til dine arrangementer.<\/p>\n\n\n\n<p>Leder du efter musik til dit arrangement, fest, reception eller m\u00e5ske noget helt andet, s\u00e5 er der helt sikkert ogs\u00e5 en l\u00f8sning til dig.<\/p>\n\n\n\n<p>Spring videre til afsnittet <a href=\"https:\/\/larsonline.dk\/wordpress\/musik\/\">Musikbutikken,<\/a> hvis du vil se, hvad jeg kan tilbyde til lige netop din begivenhed.<\/p>\n\n\n\n<figure class=\"wp-block-gallery has-nested-images columns-default is-cropped wp-block-gallery-1 is-layout-flex wp-block-gallery-is-layout-flex\">\n<figure class=\"wp-block-image size-large\"><a href=\"https:\/\/larsonline.dk\/wordpress\/koncerter-og-underholdning\/\"><img loading=\"lazy\" decoding=\"async\" width=\"1024\" height=\"1024\" data-id=\"397\" src=\"https:\/\/larsonline.dk\/wordpress\/wp-content\/uploads\/2024\/09\/Koncerter-og-underholdning-1024x1024.jpg\" alt=\"\" class=\"wp-image-397\" srcset=\"https:\/\/larsonline.dk\/wordpress\/wp-content\/uploads\/2024\/09\/Koncerter-og-underholdning-1024x1024.jpg 1024w, https:\/\/larsonline.dk\/wordpress\/wp-content\/uploads\/2024\/09\/Koncerter-og-underholdning-300x300.jpg 300w, https:\/\/larsonline.dk\/wordpress\/wp-content\/uploads\/2024\/09\/Koncerter-og-underholdning-150x150.jpg 150w, https:\/\/larsonline.dk\/wordpress\/wp-content\/uploads\/2024\/09\/Koncerter-og-underholdning-768x768.jpg 768w, https:\/\/larsonline.dk\/wordpress\/wp-content\/uploads\/2024\/09\/Koncerter-og-underholdning-1536x1536.jpg 1536w, https:\/\/larsonline.dk\/wordpress\/wp-content\/uploads\/2024\/09\/Koncerter-og-underholdning-2048x2048.jpg 2048w\" sizes=\"auto, (max-width: 1024px) 100vw, 1024px\" \/><\/a><figcaption class=\"wp-element-caption\">Koncerter og underholdning<\/figcaption><\/figure>\n\n\n\n<figure class=\"wp-block-image size-large\"><a href=\"https:\/\/larsonline.dk\/wordpress\/faellessang\/\"><img loading=\"lazy\" decoding=\"async\" width=\"470\" height=\"470\" data-id=\"396\" src=\"https:\/\/larsonline.dk\/wordpress\/wp-content\/uploads\/2024\/09\/Faellessang.jpg\" alt=\"\" class=\"wp-image-396\" srcset=\"https:\/\/larsonline.dk\/wordpress\/wp-content\/uploads\/2024\/09\/Faellessang.jpg 470w, https:\/\/larsonline.dk\/wordpress\/wp-content\/uploads\/2024\/09\/Faellessang-300x300.jpg 300w, https:\/\/larsonline.dk\/wordpress\/wp-content\/uploads\/2024\/09\/Faellessang-150x150.jpg 150w\" sizes=\"auto, (max-width: 470px) 100vw, 470px\" \/><\/a><figcaption class=\"wp-element-caption\">F\u00e6llessang<\/figcaption><\/figure>\n\n\n\n<figure class=\"wp-block-image size-large\"><a href=\"https:\/\/larsonline.dk\/wordpress\/musik-i-kirken\/\"><img loading=\"lazy\" decoding=\"async\" width=\"505\" height=\"450\" data-id=\"293\" src=\"https:\/\/larsonline.dk\/wordpress\/wp-content\/uploads\/2023\/04\/lars-kirken.jpg\" alt=\"\" class=\"wp-image-293\" srcset=\"https:\/\/larsonline.dk\/wordpress\/wp-content\/uploads\/2023\/04\/lars-kirken.jpg 505w, https:\/\/larsonline.dk\/wordpress\/wp-content\/uploads\/2023\/04\/lars-kirken-300x267.jpg 300w\" sizes=\"auto, (max-width: 505px) 100vw, 505px\" \/><\/a><figcaption class=\"wp-element-caption\">Musik i kirken<\/figcaption><\/figure>\n\n\n\n<figure class=\"wp-block-image size-large\"><a href=\"https:\/\/larsonline.dk\/wordpress\/musik\/musik-til-festen\/\"><img loading=\"lazy\" decoding=\"async\" width=\"1024\" height=\"1024\" data-id=\"395\" src=\"https:\/\/larsonline.dk\/wordpress\/wp-content\/uploads\/2024\/09\/Festmusik-1024x1024.jpg\" alt=\"\" class=\"wp-image-395\" srcset=\"https:\/\/larsonline.dk\/wordpress\/wp-content\/uploads\/2024\/09\/Festmusik-1024x1024.jpg 1024w, https:\/\/larsonline.dk\/wordpress\/wp-content\/uploads\/2024\/09\/Festmusik-300x300.jpg 300w, https:\/\/larsonline.dk\/wordpress\/wp-content\/uploads\/2024\/09\/Festmusik-150x150.jpg 150w, https:\/\/larsonline.dk\/wordpress\/wp-content\/uploads\/2024\/09\/Festmusik-768x768.jpg 768w, https:\/\/larsonline.dk\/wordpress\/wp-content\/uploads\/2024\/09\/Festmusik-1536x1536.jpg 1536w, https:\/\/larsonline.dk\/wordpress\/wp-content\/uploads\/2024\/09\/Festmusik.jpg 1617w\" sizes=\"auto, (max-width: 1024px) 100vw, 1024px\" \/><\/a><figcaption class=\"wp-element-caption\">Festmusik<\/figcaption><\/figure>\n<\/figure>\n\n\n\n<p>Jeg h\u00e5ber, at du her p\u00e5 siden vil finde inspiration til, hvad jeg kan g\u00f8re for dig og dit arrangement.<\/p>\n\n\n\n<p>Jeg spiller og underholder overalt i Danmark.<\/p>\n\n\n\n<p>Rigtig god forn\u00f8jelse.<\/p>\n\n\n\n<figure class=\"wp-block-image size-full is-resized\"><img loading=\"lazy\" decoding=\"async\" width=\"959\" height=\"615\" src=\"http:\/\/larsonline.dk\/wordpress\/wp-content\/uploads\/2022\/05\/2022-05-18-0001.jpg\" alt=\"\" class=\"wp-image-105\" style=\"width:322px;height:206px\" srcset=\"https:\/\/larsonline.dk\/wordpress\/wp-content\/uploads\/2022\/05\/2022-05-18-0001.jpg 959w, https:\/\/larsonline.dk\/wordpress\/wp-content\/uploads\/2022\/05\/2022-05-18-0001-300x192.jpg 300w, https:\/\/larsonline.dk\/wordpress\/wp-content\/uploads\/2022\/05\/2022-05-18-0001-768x493.jpg 768w\" sizes=\"auto, (max-width: 959px) 100vw, 959px\" \/><\/figure>\n\n\n\n<p>musiker<\/p>\n\n\n\n<h2 class=\"wp-block-heading\">Hvad siger kunderne<\/h2>\n\n\n\n<div style=\"height:30px\" aria-hidden=\"true\" class=\"wp-block-spacer\"><\/div>\n\n\n\n<blockquote class=\"wp-block-quote is-layout-flow wp-block-quote-is-layout-flow\">\n<p><img loading=\"lazy\" decoding=\"async\" width=\"50\" height=\"34\" class=\"wp-image-373\" style=\"width: 50px;\" src=\"http:\/\/larsonline.dk\/wordpress\/wp-content\/uploads\/2024\/09\/citationstegn.jpg\" alt=\"\"><br><em>Fantastisk musik og underholdning til vores fest! Lars tager festen til et helt andet niveau!<\/em><\/p>\n\n\n\n<p>Bettina Nielsen, Kolding<\/p>\n\n\n\n<p><img loading=\"lazy\" decoding=\"async\" width=\"50\" height=\"34\" class=\"wp-image-373\" style=\"width: 50px;\" src=\"http:\/\/larsonline.dk\/wordpress\/wp-content\/uploads\/2024\/09\/citationstegn.jpg\" alt=\"\"><br><em>Lars underholdt til \u00e5bningsceremonien for Kunst og Kirker. 400 fremm\u00f8dte mennesker fik en helt s\u00e6rlig oplevelse.<\/em><\/p>\n\n\n\n<p>Lene Hansen, Kunst og Kirker, Slagelse<\/p>\n\n\n\n<p><img loading=\"lazy\" decoding=\"async\" width=\"50\" height=\"34\" class=\"wp-image-373\" style=\"width: 50px;\" src=\"http:\/\/larsonline.dk\/wordpress\/wp-content\/uploads\/2024\/09\/citationstegn.jpg\" alt=\"\"><br><em>Lars spillede den smukkeste guitarmusik under middagen til vores kobberbryllup. Han spillede ogs\u00e5 med p\u00e5 festsangene. Virkelig godt arbejde!<\/em><\/p>\n\n\n\n<p>Jan Johansen, N\u00e6stved<\/p>\n\n\n\n<p><img loading=\"lazy\" decoding=\"async\" width=\"50\" height=\"34\" class=\"wp-image-373\" style=\"width: 50px;\" src=\"http:\/\/larsonline.dk\/wordpress\/wp-content\/uploads\/2024\/09\/citationstegn.jpg\" alt=\"\"><br><em>Han er jo \u201cbare\u201d en mand med en guitar. Men det lyder som et helt band. Det er lidt vildt!<\/em><\/p>\n\n\n\n<p>Peter Thomsen, Gentofte<\/p>\n\n\n\n<p><img loading=\"lazy\" decoding=\"async\" width=\"50\" height=\"34\" class=\"wp-image-373\" style=\"width: 50px;\" src=\"http:\/\/larsonline.dk\/wordpress\/wp-content\/uploads\/2024\/09\/citationstegn.jpg\" alt=\"\"><br><em>Lars spillede Kim Larsens \u201cOm lidt\u201d til min fars begravelse i Sor\u00f8 Klosterkirke. Fantastisk smukt og lige i min fars \u00e5nd. Jeg h\u00e5ber, han sad p\u00e5 en sky og n\u00f8d det!<\/em><\/p>\n\n\n\n<p>Mia Stensb\u00e6k, Sor\u00f8<\/p>\n\n\n\n<p><img loading=\"lazy\" decoding=\"async\" width=\"50\" height=\"34\" class=\"wp-image-373\" style=\"width: 50px;\" src=\"http:\/\/larsonline.dk\/wordpress\/wp-content\/uploads\/2024\/09\/citationstegn.jpg\" alt=\"\"><br>Da jeg blev 66 \u00e5r fik jeg en guitar i f\u00f8dselsdagsgave. Jeg havde aldrig f\u00f8r spillet, s\u00e5 jeg startede med at f\u00f8lge et kursus p\u00e5 nettet. Efter 2 \u00e5r tilmeldte jeg mig hos Lars. Her har jeg oplevet en fantastisk udvikling i mit spil og jeg gl\u00e6der mig til hver onsdag hvor jeg skal m\u00f8de op og vise, hvad jeg har arbejdet med den forgangne uge. Lars er b\u00e5de dygtig og en rigtig flink fyr.<\/p>\n\n\n\n<p>Michael Christensen, Kors\u00f8r<\/p>\n<\/blockquote>\n","protected":false},"excerpt":{"rendered":"<p>&#8211; og tak fordi du kigger forbi min hjemmeside Her finder du en bred palet af musikalske produkter, jeg kan tilbyde til dine arrangementer. Leder du efter musik til dit arrangement, fest, reception eller m\u00e5ske noget helt andet, s\u00e5 er der helt sikkert ogs\u00e5 en l\u00f8sning til dig. Spring videre til afsnittet Musikbutikken, hvis du &hellip; <a href=\"https:\/\/larsonline.dk\/wordpress\/\" class=\"more-link\">L\u00e6s videre <span class=\"screen-reader-text\">Velkommen<\/span> <span class=\"meta-nav\">&rarr;<\/span><\/a><\/p>\n","protected":false},"author":1,"featured_media":552,"parent":0,"menu_order":0,"comment_status":"closed","ping_status":"closed","template":"","meta":{"footnotes":""},"class_list":["post-7","page","type-page","status-publish","has-post-thumbnail","hentry"],"yoast_head":"<!-- This site is optimized with the Yoast SEO plugin v27.5 - https:\/\/yoast.com\/product\/yoast-seo-wordpress\/ -->\n<title>Velkommen - Lars Kristian S\u00f8rensen<\/title>\n<meta name=\"robots\" content=\"index, follow, max-snippet:-1, max-image-preview:large, max-video-preview:-1\" \/>\n<link rel=\"canonical\" href=\"https:\/\/larsonline.dk\/wordpress\/\" \/>\n<meta property=\"og:locale\" content=\"da_DK\" \/>\n<meta property=\"og:type\" content=\"article\" \/>\n<meta property=\"og:title\" content=\"Velkommen - Lars Kristian S\u00f8rensen\" \/>\n<meta property=\"og:description\" content=\"&#8211; og tak fordi du kigger forbi min hjemmeside Her finder du en bred palet af musikalske produkter, jeg kan tilbyde til dine arrangementer. Leder du efter musik til dit arrangement, fest, reception eller m\u00e5ske noget helt andet, s\u00e5 er der helt sikkert ogs\u00e5 en l\u00f8sning til dig. Spring videre til afsnittet Musikbutikken, hvis du &hellip; L\u00e6s videre Velkommen &rarr;\" \/>\n<meta property=\"og:url\" content=\"https:\/\/larsonline.dk\/wordpress\/\" \/>\n<meta property=\"og:site_name\" content=\"Lars Kristian S\u00f8rensen\" \/>\n<meta property=\"article:publisher\" content=\"https:\/\/www.facebook.com\/larskristiansorensen\/\" \/>\n<meta property=\"article:modified_time\" content=\"2025-08-07T11:49:10+00:00\" \/>\n<meta property=\"og:image\" content=\"https:\/\/larsonline.dk\/wordpress\/wp-content\/uploads\/2025\/08\/Larsonline_forsidebillede_skarp.png\" \/>\n\t<meta property=\"og:image:width\" content=\"672\" \/>\n\t<meta property=\"og:image:height\" content=\"372\" \/>\n\t<meta property=\"og:image:type\" content=\"image\/png\" \/>\n<meta name=\"twitter:card\" content=\"summary_large_image\" \/>\n<meta name=\"twitter:label1\" content=\"Estimeret l\u00e6setid\" \/>\n\t<meta name=\"twitter:data1\" content=\"2 minutter\" \/>\n<script type=\"application\/ld+json\" class=\"yoast-schema-graph\">{\"@context\":\"https:\\\/\\\/schema.org\",\"@graph\":[{\"@type\":\"WebPage\",\"@id\":\"https:\\\/\\\/larsonline.dk\\\/wordpress\\\/\",\"url\":\"https:\\\/\\\/larsonline.dk\\\/wordpress\\\/\",\"name\":\"Velkommen - Lars Kristian S\u00f8rensen\",\"isPartOf\":{\"@id\":\"https:\\\/\\\/larsonline.dk\\\/wordpress\\\/#website\"},\"primaryImageOfPage\":{\"@id\":\"https:\\\/\\\/larsonline.dk\\\/wordpress\\\/#primaryimage\"},\"image\":{\"@id\":\"https:\\\/\\\/larsonline.dk\\\/wordpress\\\/#primaryimage\"},\"thumbnailUrl\":\"https:\\\/\\\/larsonline.dk\\\/wordpress\\\/wp-content\\\/uploads\\\/2025\\\/08\\\/Larsonline_forsidebillede_skarp.png\",\"datePublished\":\"2017-08-02T11:51:05+00:00\",\"dateModified\":\"2025-08-07T11:49:10+00:00\",\"breadcrumb\":{\"@id\":\"https:\\\/\\\/larsonline.dk\\\/wordpress\\\/#breadcrumb\"},\"inLanguage\":\"da-DK\",\"potentialAction\":[{\"@type\":\"ReadAction\",\"target\":[\"https:\\\/\\\/larsonline.dk\\\/wordpress\\\/\"]}]},{\"@type\":\"ImageObject\",\"inLanguage\":\"da-DK\",\"@id\":\"https:\\\/\\\/larsonline.dk\\\/wordpress\\\/#primaryimage\",\"url\":\"https:\\\/\\\/larsonline.dk\\\/wordpress\\\/wp-content\\\/uploads\\\/2025\\\/08\\\/Larsonline_forsidebillede_skarp.png\",\"contentUrl\":\"https:\\\/\\\/larsonline.dk\\\/wordpress\\\/wp-content\\\/uploads\\\/2025\\\/08\\\/Larsonline_forsidebillede_skarp.png\",\"width\":672,\"height\":372},{\"@type\":\"BreadcrumbList\",\"@id\":\"https:\\\/\\\/larsonline.dk\\\/wordpress\\\/#breadcrumb\",\"itemListElement\":[{\"@type\":\"ListItem\",\"position\":1,\"name\":\"Hjem\",\"item\":\"https:\\\/\\\/larsonline.dk\\\/wordpress\\\/\"},{\"@type\":\"ListItem\",\"position\":2,\"name\":\"Velkommen\"}]},{\"@type\":\"WebSite\",\"@id\":\"https:\\\/\\\/larsonline.dk\\\/wordpress\\\/#website\",\"url\":\"https:\\\/\\\/larsonline.dk\\\/wordpress\\\/\",\"name\":\"Lars Kristian S\u00f8rensen\",\"description\":\"\",\"publisher\":{\"@id\":\"https:\\\/\\\/larsonline.dk\\\/wordpress\\\/#\\\/schema\\\/person\\\/299b0784e5767b7d38d21b3b9f0418f8\"},\"potentialAction\":[{\"@type\":\"SearchAction\",\"target\":{\"@type\":\"EntryPoint\",\"urlTemplate\":\"https:\\\/\\\/larsonline.dk\\\/wordpress\\\/?s={search_term_string}\"},\"query-input\":{\"@type\":\"PropertyValueSpecification\",\"valueRequired\":true,\"valueName\":\"search_term_string\"}}],\"inLanguage\":\"da-DK\"},{\"@type\":[\"Person\",\"Organization\"],\"@id\":\"https:\\\/\\\/larsonline.dk\\\/wordpress\\\/#\\\/schema\\\/person\\\/299b0784e5767b7d38d21b3b9f0418f8\",\"name\":\"Lars\",\"image\":{\"@type\":\"ImageObject\",\"inLanguage\":\"da-DK\",\"@id\":\"https:\\\/\\\/larsonline.dk\\\/wordpress\\\/wp-content\\\/uploads\\\/2022\\\/05\\\/Logo.jpg\",\"url\":\"https:\\\/\\\/larsonline.dk\\\/wordpress\\\/wp-content\\\/uploads\\\/2022\\\/05\\\/Logo.jpg\",\"contentUrl\":\"https:\\\/\\\/larsonline.dk\\\/wordpress\\\/wp-content\\\/uploads\\\/2022\\\/05\\\/Logo.jpg\",\"width\":190,\"height\":190,\"caption\":\"Lars\"},\"logo\":{\"@id\":\"https:\\\/\\\/larsonline.dk\\\/wordpress\\\/wp-content\\\/uploads\\\/2022\\\/05\\\/Logo.jpg\"},\"sameAs\":[\"https:\\\/\\\/www.facebook.com\\\/larskristiansorensen\\\/\",\"https:\\\/\\\/www.instagram.com\\\/larskrsorensen\\\/\"]}]}<\/script>\n<!-- \/ Yoast SEO plugin. -->","yoast_head_json":{"title":"Velkommen - Lars Kristian S\u00f8rensen","robots":{"index":"index","follow":"follow","max-snippet":"max-snippet:-1","max-image-preview":"max-image-preview:large","max-video-preview":"max-video-preview:-1"},"canonical":"https:\/\/larsonline.dk\/wordpress\/","og_locale":"da_DK","og_type":"article","og_title":"Velkommen - Lars Kristian S\u00f8rensen","og_description":"&#8211; og tak fordi du kigger forbi min hjemmeside Her finder du en bred palet af musikalske produkter, jeg kan tilbyde til dine arrangementer. Leder du efter musik til dit arrangement, fest, reception eller m\u00e5ske noget helt andet, s\u00e5 er der helt sikkert ogs\u00e5 en l\u00f8sning til dig. Spring videre til afsnittet Musikbutikken, hvis du &hellip; L\u00e6s videre Velkommen &rarr;","og_url":"https:\/\/larsonline.dk\/wordpress\/","og_site_name":"Lars Kristian S\u00f8rensen","article_publisher":"https:\/\/www.facebook.com\/larskristiansorensen\/","article_modified_time":"2025-08-07T11:49:10+00:00","og_image":[{"width":672,"height":372,"url":"https:\/\/larsonline.dk\/wordpress\/wp-content\/uploads\/2025\/08\/Larsonline_forsidebillede_skarp.png","type":"image\/png"}],"twitter_card":"summary_large_image","twitter_misc":{"Estimeret l\u00e6setid":"2 minutter"},"schema":{"@context":"https:\/\/schema.org","@graph":[{"@type":"WebPage","@id":"https:\/\/larsonline.dk\/wordpress\/","url":"https:\/\/larsonline.dk\/wordpress\/","name":"Velkommen - Lars Kristian S\u00f8rensen","isPartOf":{"@id":"https:\/\/larsonline.dk\/wordpress\/#website"},"primaryImageOfPage":{"@id":"https:\/\/larsonline.dk\/wordpress\/#primaryimage"},"image":{"@id":"https:\/\/larsonline.dk\/wordpress\/#primaryimage"},"thumbnailUrl":"https:\/\/larsonline.dk\/wordpress\/wp-content\/uploads\/2025\/08\/Larsonline_forsidebillede_skarp.png","datePublished":"2017-08-02T11:51:05+00:00","dateModified":"2025-08-07T11:49:10+00:00","breadcrumb":{"@id":"https:\/\/larsonline.dk\/wordpress\/#breadcrumb"},"inLanguage":"da-DK","potentialAction":[{"@type":"ReadAction","target":["https:\/\/larsonline.dk\/wordpress\/"]}]},{"@type":"ImageObject","inLanguage":"da-DK","@id":"https:\/\/larsonline.dk\/wordpress\/#primaryimage","url":"https:\/\/larsonline.dk\/wordpress\/wp-content\/uploads\/2025\/08\/Larsonline_forsidebillede_skarp.png","contentUrl":"https:\/\/larsonline.dk\/wordpress\/wp-content\/uploads\/2025\/08\/Larsonline_forsidebillede_skarp.png","width":672,"height":372},{"@type":"BreadcrumbList","@id":"https:\/\/larsonline.dk\/wordpress\/#breadcrumb","itemListElement":[{"@type":"ListItem","position":1,"name":"Hjem","item":"https:\/\/larsonline.dk\/wordpress\/"},{"@type":"ListItem","position":2,"name":"Velkommen"}]},{"@type":"WebSite","@id":"https:\/\/larsonline.dk\/wordpress\/#website","url":"https:\/\/larsonline.dk\/wordpress\/","name":"Lars Kristian S\u00f8rensen","description":"","publisher":{"@id":"https:\/\/larsonline.dk\/wordpress\/#\/schema\/person\/299b0784e5767b7d38d21b3b9f0418f8"},"potentialAction":[{"@type":"SearchAction","target":{"@type":"EntryPoint","urlTemplate":"https:\/\/larsonline.dk\/wordpress\/?s={search_term_string}"},"query-input":{"@type":"PropertyValueSpecification","valueRequired":true,"valueName":"search_term_string"}}],"inLanguage":"da-DK"},{"@type":["Person","Organization"],"@id":"https:\/\/larsonline.dk\/wordpress\/#\/schema\/person\/299b0784e5767b7d38d21b3b9f0418f8","name":"Lars","image":{"@type":"ImageObject","inLanguage":"da-DK","@id":"https:\/\/larsonline.dk\/wordpress\/wp-content\/uploads\/2022\/05\/Logo.jpg","url":"https:\/\/larsonline.dk\/wordpress\/wp-content\/uploads\/2022\/05\/Logo.jpg","contentUrl":"https:\/\/larsonline.dk\/wordpress\/wp-content\/uploads\/2022\/05\/Logo.jpg","width":190,"height":190,"caption":"Lars"},"logo":{"@id":"https:\/\/larsonline.dk\/wordpress\/wp-content\/uploads\/2022\/05\/Logo.jpg"},"sameAs":["https:\/\/www.facebook.com\/larskristiansorensen\/","https:\/\/www.instagram.com\/larskrsorensen\/"]}]}},"_links":{"self":[{"href":"https:\/\/larsonline.dk\/wordpress\/wp-json\/wp\/v2\/pages\/7","targetHints":{"allow":["GET"]}}],"collection":[{"href":"https:\/\/larsonline.dk\/wordpress\/wp-json\/wp\/v2\/pages"}],"about":[{"href":"https:\/\/larsonline.dk\/wordpress\/wp-json\/wp\/v2\/types\/page"}],"author":[{"embeddable":true,"href":"https:\/\/larsonline.dk\/wordpress\/wp-json\/wp\/v2\/users\/1"}],"replies":[{"embeddable":true,"href":"https:\/\/larsonline.dk\/wordpress\/wp-json\/wp\/v2\/comments?post=7"}],"version-history":[{"count":39,"href":"https:\/\/larsonline.dk\/wordpress\/wp-json\/wp\/v2\/pages\/7\/revisions"}],"predecessor-version":[{"id":542,"href":"https:\/\/larsonline.dk\/wordpress\/wp-json\/wp\/v2\/pages\/7\/revisions\/542"}],"wp:featuredmedia":[{"embeddable":true,"href":"https:\/\/larsonline.dk\/wordpress\/wp-json\/wp\/v2\/media\/552"}],"wp:attachment":[{"href":"https:\/\/larsonline.dk\/wordpress\/wp-json\/wp\/v2\/media?parent=7"}],"curies":[{"name":"wp","href":"https:\/\/api.w.org\/{rel}","templated":true}]}}