{"id":69,"date":"2022-05-18T10:39:21","date_gmt":"2022-05-18T08:39:21","guid":{"rendered":"http:\/\/larsonline.dk\/wordpress\/?page_id=69"},"modified":"2025-06-21T09:25:26","modified_gmt":"2025-06-21T07:25:26","slug":"musik-til-festen","status":"publish","type":"page","link":"https:\/\/larsonline.dk\/wordpress\/musik\/musik-til-festen\/","title":{"rendered":"Musik til fest"},"content":{"rendered":"\n<p><strong>Den store festpakke<\/strong><\/p>\n\n\n\n<p>Instrumental guitarmusik under maden. Ledsagelse af festsange mv.<\/p>\n\n\n\n<p>Efterf\u00f8lgende 2 x 45 min. underholdning og f\u00e6llessang med sk\u00f8nne danske og internationale hits.<\/p>\n\n\n\n<p>Syng med p\u00e5 det hele. Eller l\u00e6n dig tilbage og lyt. Du bestemmer.<\/p>\n\n\n\n<p>Pris fra kr. 7000,-<\/p>\n\n\n\n<p><strong>Dinnermusik\/musik under maden<\/strong><\/p>\n\n\n\n<p>Instrumental guitarmusik under maden. Ledsagelse af festsange mv.<\/p>\n\n\n\n<p>Pris fra kr. 5000,-<\/p>\n\n\n\n<p><strong>Underholdning efter maden<\/strong><\/p>\n\n\n\n<p>2 x 45 min. underholdning og f\u00e6llessang med sk\u00f8nne danske og internationale hits.<\/p>\n\n\n\n<p>Den perfekte m\u00e5de at give dine g\u00e6ster en dejlig oplevelse med musik, de selv kan synge med p\u00e5.<\/p>\n\n\n\n<p>2 x 45 minutter: fra kr. 5000,-<\/p>\n\n\n\n<p><em>Pris kan variere efter arrangementets st\u00f8rrelse og afstand.<\/em><\/p>\n\n\n\n<p><em><a href=\"https:\/\/larsonline.dk\/wordpress\/kontakt\/\">Ring eller skriv for n\u00e6rmere aftale.<\/a><\/em><\/p>\n","protected":false},"excerpt":{"rendered":"<p>Den store festpakke Instrumental guitarmusik under maden. Ledsagelse af festsange mv. Efterf\u00f8lgende 2 x 45 min. underholdning og f\u00e6llessang med sk\u00f8nne danske og internationale hits. Syng med p\u00e5 det hele. Eller l\u00e6n dig tilbage og lyt. Du bestemmer. Pris fra kr. 7000,- Dinnermusik\/musik under maden Instrumental guitarmusik under maden. Ledsagelse af festsange mv. Pris fra &hellip; <a href=\"https:\/\/larsonline.dk\/wordpress\/musik\/musik-til-festen\/\" class=\"more-link\">L\u00e6s videre <span class=\"screen-reader-text\">Musik til fest<\/span> <span class=\"meta-nav\">&rarr;<\/span><\/a><\/p>\n","protected":false},"author":1,"featured_media":494,"parent":61,"menu_order":1,"comment_status":"closed","ping_status":"closed","template":"","meta":{"footnotes":""},"class_list":["post-69","page","type-page","status-publish","has-post-thumbnail","hentry"],"yoast_head":"<!-- This site is optimized with the Yoast SEO plugin v27.5 - https:\/\/yoast.com\/product\/yoast-seo-wordpress\/ -->\n<title>Musik til fest - Lars Kristian S\u00f8rensen<\/title>\n<meta name=\"robots\" content=\"index, follow, max-snippet:-1, max-image-preview:large, max-video-preview:-1\" \/>\n<link rel=\"canonical\" href=\"https:\/\/larsonline.dk\/wordpress\/musik\/musik-til-festen\/\" \/>\n<meta property=\"og:locale\" content=\"da_DK\" \/>\n<meta property=\"og:type\" content=\"article\" \/>\n<meta property=\"og:title\" content=\"Musik til fest - Lars Kristian S\u00f8rensen\" \/>\n<meta property=\"og:description\" content=\"Den store festpakke Instrumental guitarmusik under maden. Ledsagelse af festsange mv. Efterf\u00f8lgende 2 x 45 min. underholdning og f\u00e6llessang med sk\u00f8nne danske og internationale hits. Syng med p\u00e5 det hele. Eller l\u00e6n dig tilbage og lyt. Du bestemmer. Pris fra kr. 7000,- Dinnermusik\/musik under maden Instrumental guitarmusik under maden. Ledsagelse af festsange mv. Pris fra &hellip; L\u00e6s videre Musik til fest &rarr;\" \/>\n<meta property=\"og:url\" content=\"https:\/\/larsonline.dk\/wordpress\/musik\/musik-til-festen\/\" \/>\n<meta property=\"og:site_name\" content=\"Lars Kristian S\u00f8rensen\" \/>\n<meta property=\"article:publisher\" content=\"https:\/\/www.facebook.com\/larskristiansorensen\/\" \/>\n<meta property=\"article:modified_time\" content=\"2025-06-21T07:25:26+00:00\" \/>\n<meta property=\"og:image\" content=\"https:\/\/larsonline.dk\/wordpress\/wp-content\/uploads\/2025\/04\/familiefest.jpeg\" \/>\n\t<meta property=\"og:image:width\" content=\"1280\" \/>\n\t<meta property=\"og:image:height\" content=\"853\" \/>\n\t<meta property=\"og:image:type\" content=\"image\/jpeg\" \/>\n<meta name=\"twitter:card\" content=\"summary_large_image\" \/>\n<meta name=\"twitter:label1\" content=\"Estimeret l\u00e6setid\" \/>\n\t<meta name=\"twitter:data1\" content=\"1 minut\" \/>\n<script type=\"application\/ld+json\" class=\"yoast-schema-graph\">{\"@context\":\"https:\\\/\\\/schema.org\",\"@graph\":[{\"@type\":\"WebPage\",\"@id\":\"https:\\\/\\\/larsonline.dk\\\/wordpress\\\/musik\\\/musik-til-festen\\\/\",\"url\":\"https:\\\/\\\/larsonline.dk\\\/wordpress\\\/musik\\\/musik-til-festen\\\/\",\"name\":\"Musik til fest - Lars Kristian S\u00f8rensen\",\"isPartOf\":{\"@id\":\"https:\\\/\\\/larsonline.dk\\\/wordpress\\\/#website\"},\"primaryImageOfPage\":{\"@id\":\"https:\\\/\\\/larsonline.dk\\\/wordpress\\\/musik\\\/musik-til-festen\\\/#primaryimage\"},\"image\":{\"@id\":\"https:\\\/\\\/larsonline.dk\\\/wordpress\\\/musik\\\/musik-til-festen\\\/#primaryimage\"},\"thumbnailUrl\":\"https:\\\/\\\/larsonline.dk\\\/wordpress\\\/wp-content\\\/uploads\\\/2025\\\/04\\\/familiefest.jpeg\",\"datePublished\":\"2022-05-18T08:39:21+00:00\",\"dateModified\":\"2025-06-21T07:25:26+00:00\",\"breadcrumb\":{\"@id\":\"https:\\\/\\\/larsonline.dk\\\/wordpress\\\/musik\\\/musik-til-festen\\\/#breadcrumb\"},\"inLanguage\":\"da-DK\",\"potentialAction\":[{\"@type\":\"ReadAction\",\"target\":[\"https:\\\/\\\/larsonline.dk\\\/wordpress\\\/musik\\\/musik-til-festen\\\/\"]}]},{\"@type\":\"ImageObject\",\"inLanguage\":\"da-DK\",\"@id\":\"https:\\\/\\\/larsonline.dk\\\/wordpress\\\/musik\\\/musik-til-festen\\\/#primaryimage\",\"url\":\"https:\\\/\\\/larsonline.dk\\\/wordpress\\\/wp-content\\\/uploads\\\/2025\\\/04\\\/familiefest.jpeg\",\"contentUrl\":\"https:\\\/\\\/larsonline.dk\\\/wordpress\\\/wp-content\\\/uploads\\\/2025\\\/04\\\/familiefest.jpeg\",\"width\":1280,\"height\":853},{\"@type\":\"BreadcrumbList\",\"@id\":\"https:\\\/\\\/larsonline.dk\\\/wordpress\\\/musik\\\/musik-til-festen\\\/#breadcrumb\",\"itemListElement\":[{\"@type\":\"ListItem\",\"position\":1,\"name\":\"Hjem\",\"item\":\"https:\\\/\\\/larsonline.dk\\\/wordpress\\\/\"},{\"@type\":\"ListItem\",\"position\":2,\"name\":\"MusikButikken\",\"item\":\"https:\\\/\\\/larsonline.dk\\\/wordpress\\\/musik\\\/\"},{\"@type\":\"ListItem\",\"position\":3,\"name\":\"Musik til fest\"}]},{\"@type\":\"WebSite\",\"@id\":\"https:\\\/\\\/larsonline.dk\\\/wordpress\\\/#website\",\"url\":\"https:\\\/\\\/larsonline.dk\\\/wordpress\\\/\",\"name\":\"Lars Kristian S\u00f8rensen\",\"description\":\"\",\"publisher\":{\"@id\":\"https:\\\/\\\/larsonline.dk\\\/wordpress\\\/#\\\/schema\\\/person\\\/299b0784e5767b7d38d21b3b9f0418f8\"},\"potentialAction\":[{\"@type\":\"SearchAction\",\"target\":{\"@type\":\"EntryPoint\",\"urlTemplate\":\"https:\\\/\\\/larsonline.dk\\\/wordpress\\\/?s={search_term_string}\"},\"query-input\":{\"@type\":\"PropertyValueSpecification\",\"valueRequired\":true,\"valueName\":\"search_term_string\"}}],\"inLanguage\":\"da-DK\"},{\"@type\":[\"Person\",\"Organization\"],\"@id\":\"https:\\\/\\\/larsonline.dk\\\/wordpress\\\/#\\\/schema\\\/person\\\/299b0784e5767b7d38d21b3b9f0418f8\",\"name\":\"Lars\",\"image\":{\"@type\":\"ImageObject\",\"inLanguage\":\"da-DK\",\"@id\":\"https:\\\/\\\/larsonline.dk\\\/wordpress\\\/wp-content\\\/uploads\\\/2022\\\/05\\\/Logo.jpg\",\"url\":\"https:\\\/\\\/larsonline.dk\\\/wordpress\\\/wp-content\\\/uploads\\\/2022\\\/05\\\/Logo.jpg\",\"contentUrl\":\"https:\\\/\\\/larsonline.dk\\\/wordpress\\\/wp-content\\\/uploads\\\/2022\\\/05\\\/Logo.jpg\",\"width\":190,\"height\":190,\"caption\":\"Lars\"},\"logo\":{\"@id\":\"https:\\\/\\\/larsonline.dk\\\/wordpress\\\/wp-content\\\/uploads\\\/2022\\\/05\\\/Logo.jpg\"},\"sameAs\":[\"https:\\\/\\\/www.facebook.com\\\/larskristiansorensen\\\/\",\"https:\\\/\\\/www.instagram.com\\\/larskrsorensen\\\/\"]}]}<\/script>\n<!-- \/ Yoast SEO plugin. -->","yoast_head_json":{"title":"Musik til fest - Lars Kristian S\u00f8rensen","robots":{"index":"index","follow":"follow","max-snippet":"max-snippet:-1","max-image-preview":"max-image-preview:large","max-video-preview":"max-video-preview:-1"},"canonical":"https:\/\/larsonline.dk\/wordpress\/musik\/musik-til-festen\/","og_locale":"da_DK","og_type":"article","og_title":"Musik til fest - Lars Kristian S\u00f8rensen","og_description":"Den store festpakke Instrumental guitarmusik under maden. Ledsagelse af festsange mv. Efterf\u00f8lgende 2 x 45 min. underholdning og f\u00e6llessang med sk\u00f8nne danske og internationale hits. Syng med p\u00e5 det hele. Eller l\u00e6n dig tilbage og lyt. Du bestemmer. Pris fra kr. 7000,- Dinnermusik\/musik under maden Instrumental guitarmusik under maden. Ledsagelse af festsange mv. Pris fra &hellip; L\u00e6s videre Musik til fest &rarr;","og_url":"https:\/\/larsonline.dk\/wordpress\/musik\/musik-til-festen\/","og_site_name":"Lars Kristian S\u00f8rensen","article_publisher":"https:\/\/www.facebook.com\/larskristiansorensen\/","article_modified_time":"2025-06-21T07:25:26+00:00","og_image":[{"width":1280,"height":853,"url":"https:\/\/larsonline.dk\/wordpress\/wp-content\/uploads\/2025\/04\/familiefest.jpeg","type":"image\/jpeg"}],"twitter_card":"summary_large_image","twitter_misc":{"Estimeret l\u00e6setid":"1 minut"},"schema":{"@context":"https:\/\/schema.org","@graph":[{"@type":"WebPage","@id":"https:\/\/larsonline.dk\/wordpress\/musik\/musik-til-festen\/","url":"https:\/\/larsonline.dk\/wordpress\/musik\/musik-til-festen\/","name":"Musik til fest - Lars Kristian S\u00f8rensen","isPartOf":{"@id":"https:\/\/larsonline.dk\/wordpress\/#website"},"primaryImageOfPage":{"@id":"https:\/\/larsonline.dk\/wordpress\/musik\/musik-til-festen\/#primaryimage"},"image":{"@id":"https:\/\/larsonline.dk\/wordpress\/musik\/musik-til-festen\/#primaryimage"},"thumbnailUrl":"https:\/\/larsonline.dk\/wordpress\/wp-content\/uploads\/2025\/04\/familiefest.jpeg","datePublished":"2022-05-18T08:39:21+00:00","dateModified":"2025-06-21T07:25:26+00:00","breadcrumb":{"@id":"https:\/\/larsonline.dk\/wordpress\/musik\/musik-til-festen\/#breadcrumb"},"inLanguage":"da-DK","potentialAction":[{"@type":"ReadAction","target":["https:\/\/larsonline.dk\/wordpress\/musik\/musik-til-festen\/"]}]},{"@type":"ImageObject","inLanguage":"da-DK","@id":"https:\/\/larsonline.dk\/wordpress\/musik\/musik-til-festen\/#primaryimage","url":"https:\/\/larsonline.dk\/wordpress\/wp-content\/uploads\/2025\/04\/familiefest.jpeg","contentUrl":"https:\/\/larsonline.dk\/wordpress\/wp-content\/uploads\/2025\/04\/familiefest.jpeg","width":1280,"height":853},{"@type":"BreadcrumbList","@id":"https:\/\/larsonline.dk\/wordpress\/musik\/musik-til-festen\/#breadcrumb","itemListElement":[{"@type":"ListItem","position":1,"name":"Hjem","item":"https:\/\/larsonline.dk\/wordpress\/"},{"@type":"ListItem","position":2,"name":"MusikButikken","item":"https:\/\/larsonline.dk\/wordpress\/musik\/"},{"@type":"ListItem","position":3,"name":"Musik til fest"}]},{"@type":"WebSite","@id":"https:\/\/larsonline.dk\/wordpress\/#website","url":"https:\/\/larsonline.dk\/wordpress\/","name":"Lars Kristian S\u00f8rensen","description":"","publisher":{"@id":"https:\/\/larsonline.dk\/wordpress\/#\/schema\/person\/299b0784e5767b7d38d21b3b9f0418f8"},"potentialAction":[{"@type":"SearchAction","target":{"@type":"EntryPoint","urlTemplate":"https:\/\/larsonline.dk\/wordpress\/?s={search_term_string}"},"query-input":{"@type":"PropertyValueSpecification","valueRequired":true,"valueName":"search_term_string"}}],"inLanguage":"da-DK"},{"@type":["Person","Organization"],"@id":"https:\/\/larsonline.dk\/wordpress\/#\/schema\/person\/299b0784e5767b7d38d21b3b9f0418f8","name":"Lars","image":{"@type":"ImageObject","inLanguage":"da-DK","@id":"https:\/\/larsonline.dk\/wordpress\/wp-content\/uploads\/2022\/05\/Logo.jpg","url":"https:\/\/larsonline.dk\/wordpress\/wp-content\/uploads\/2022\/05\/Logo.jpg","contentUrl":"https:\/\/larsonline.dk\/wordpress\/wp-content\/uploads\/2022\/05\/Logo.jpg","width":190,"height":190,"caption":"Lars"},"logo":{"@id":"https:\/\/larsonline.dk\/wordpress\/wp-content\/uploads\/2022\/05\/Logo.jpg"},"sameAs":["https:\/\/www.facebook.com\/larskristiansorensen\/","https:\/\/www.instagram.com\/larskrsorensen\/"]}]}},"_links":{"self":[{"href":"https:\/\/larsonline.dk\/wordpress\/wp-json\/wp\/v2\/pages\/69","targetHints":{"allow":["GET"]}}],"collection":[{"href":"https:\/\/larsonline.dk\/wordpress\/wp-json\/wp\/v2\/pages"}],"about":[{"href":"https:\/\/larsonline.dk\/wordpress\/wp-json\/wp\/v2\/types\/page"}],"author":[{"embeddable":true,"href":"https:\/\/larsonline.dk\/wordpress\/wp-json\/wp\/v2\/users\/1"}],"replies":[{"embeddable":true,"href":"https:\/\/larsonline.dk\/wordpress\/wp-json\/wp\/v2\/comments?post=69"}],"version-history":[{"count":12,"href":"https:\/\/larsonline.dk\/wordpress\/wp-json\/wp\/v2\/pages\/69\/revisions"}],"predecessor-version":[{"id":502,"href":"https:\/\/larsonline.dk\/wordpress\/wp-json\/wp\/v2\/pages\/69\/revisions\/502"}],"up":[{"embeddable":true,"href":"https:\/\/larsonline.dk\/wordpress\/wp-json\/wp\/v2\/pages\/61"}],"wp:featuredmedia":[{"embeddable":true,"href":"https:\/\/larsonline.dk\/wordpress\/wp-json\/wp\/v2\/media\/494"}],"wp:attachment":[{"href":"https:\/\/larsonline.dk\/wordpress\/wp-json\/wp\/v2\/media?parent=69"}],"curies":[{"name":"wp","href":"https:\/\/api.w.org\/{rel}","templated":true}]}}