{"id":53,"date":"2022-05-17T16:17:22","date_gmt":"2022-05-17T14:17:22","guid":{"rendered":"http:\/\/larsonline.dk\/wordpress\/?page_id=53"},"modified":"2024-09-19T11:29:56","modified_gmt":"2024-09-19T09:29:56","slug":"undervisning","status":"publish","type":"page","link":"https:\/\/larsonline.dk\/wordpress\/undervisning\/","title":{"rendered":"Undervisning"},"content":{"rendered":"\n<p><strong>Dr\u00f8mmen om at spille musik<\/strong><\/p>\n\n\n\n<p>Jeg har altid undervist i musik, og g\u00f8r det med stor gl\u00e6de og entusiasme.<\/p>\n\n\n\n<p>Det er fantastisk at kunne g\u00f8re en forskel ved at realisere menneskers dr\u00f8mme om at kunne spille og synge.<\/p>\n\n\n\n<p>Jeg underviser i guitar, saxofon og ukulele. Og s\u00e5 dirigerer jeg rytmisk kor.<\/p>\n\n\n\n<p>Herunder kan du finde links til mine forskellige projekter.<\/p>\n\n\n\n<p>M\u00e5ske dr\u00f8mmer du ogs\u00e5?<\/p>\n\n\n\n<p><a href=\"https:\/\/www.fof.dk\/da\/sydvest\/kurser\/sang-og-musik\/strengeinstrumenter\/guitar\" target=\"_blank\" rel=\"noreferrer noopener\">Guitarundervisning<\/a><\/p>\n\n\n\n<p><a href=\"https:\/\/www.fof.dk\/da\/sydvest\/kurser\/sang-og-musik\/blaeseinstrumenter\/saxofon\" target=\"_blank\" rel=\"noreferrer noopener\">Saxofonundervisning<\/a><\/p>\n\n\n\n<p><a href=\"https:\/\/www.fof.dk\/da\/sydvest\/kurser\/sang-og-musik\/strengeinstrumenter\/ukulele\" target=\"_blank\" rel=\"noreferrer noopener\">Ukuleleundervisning<\/a><\/p>\n\n\n\n<p><a href=\"http:\/\/www.rytmekor.dk\" target=\"_blank\" rel=\"noreferrer noopener\">Sk\u00e6lsk\u00f8r Rytmiske Kor<\/a><\/p>\n\n\n\n<p><a href=\"https:\/\/www.tjaerebysogn.dk\/aktiviteter\/kor-i-tjaereby-kirke\" target=\"_blank\" rel=\"noopener\" title=\"\">Kor i Tj\u00e6reby Kirke<\/a><\/p>\n","protected":false},"excerpt":{"rendered":"<p>Dr\u00f8mmen om at spille musik Jeg har altid undervist i musik, og g\u00f8r det med stor gl\u00e6de og entusiasme. Det er fantastisk at kunne g\u00f8re en forskel ved at realisere menneskers dr\u00f8mme om at kunne spille og synge. Jeg underviser i guitar, saxofon og ukulele. Og s\u00e5 dirigerer jeg rytmisk kor. Herunder kan du finde &hellip; <a href=\"https:\/\/larsonline.dk\/wordpress\/undervisning\/\" class=\"more-link\">L\u00e6s videre <span class=\"screen-reader-text\">Undervisning<\/span> <span class=\"meta-nav\">&rarr;<\/span><\/a><\/p>\n","protected":false},"author":1,"featured_media":336,"parent":0,"menu_order":0,"comment_status":"closed","ping_status":"closed","template":"","meta":{"footnotes":""},"class_list":["post-53","page","type-page","status-publish","has-post-thumbnail","hentry"],"yoast_head":"<!-- This site is optimized with the Yoast SEO plugin v27.6 - https:\/\/yoast.com\/product\/yoast-seo-wordpress\/ -->\n<title>Undervisning - Lars Kristian S\u00f8rensen<\/title>\n<meta name=\"robots\" content=\"index, follow, max-snippet:-1, max-image-preview:large, max-video-preview:-1\" \/>\n<link rel=\"canonical\" href=\"https:\/\/larsonline.dk\/wordpress\/undervisning\/\" \/>\n<meta property=\"og:locale\" content=\"da_DK\" \/>\n<meta property=\"og:type\" content=\"article\" \/>\n<meta property=\"og:title\" content=\"Undervisning - Lars Kristian S\u00f8rensen\" \/>\n<meta property=\"og:description\" content=\"Dr\u00f8mmen om at spille musik Jeg har altid undervist i musik, og g\u00f8r det med stor gl\u00e6de og entusiasme. Det er fantastisk at kunne g\u00f8re en forskel ved at realisere menneskers dr\u00f8mme om at kunne spille og synge. Jeg underviser i guitar, saxofon og ukulele. Og s\u00e5 dirigerer jeg rytmisk kor. Herunder kan du finde &hellip; L\u00e6s videre Undervisning &rarr;\" \/>\n<meta property=\"og:url\" content=\"https:\/\/larsonline.dk\/wordpress\/undervisning\/\" \/>\n<meta property=\"og:site_name\" content=\"Lars Kristian S\u00f8rensen\" \/>\n<meta property=\"article:publisher\" content=\"https:\/\/www.facebook.com\/larskristiansorensen\/\" \/>\n<meta property=\"article:modified_time\" content=\"2024-09-19T09:29:56+00:00\" \/>\n<meta property=\"og:image\" content=\"https:\/\/larsonline.dk\/wordpress\/wp-content\/uploads\/2024\/09\/Undervisning-1.jpg\" \/>\n\t<meta property=\"og:image:width\" content=\"1038\" \/>\n\t<meta property=\"og:image:height\" content=\"590\" \/>\n\t<meta property=\"og:image:type\" content=\"image\/jpeg\" \/>\n<meta name=\"twitter:card\" content=\"summary_large_image\" \/>\n<script type=\"application\/ld+json\" class=\"yoast-schema-graph\">{\"@context\":\"https:\\\/\\\/schema.org\",\"@graph\":[{\"@type\":\"WebPage\",\"@id\":\"https:\\\/\\\/larsonline.dk\\\/wordpress\\\/undervisning\\\/\",\"url\":\"https:\\\/\\\/larsonline.dk\\\/wordpress\\\/undervisning\\\/\",\"name\":\"Undervisning - Lars Kristian S\u00f8rensen\",\"isPartOf\":{\"@id\":\"https:\\\/\\\/larsonline.dk\\\/wordpress\\\/#website\"},\"primaryImageOfPage\":{\"@id\":\"https:\\\/\\\/larsonline.dk\\\/wordpress\\\/undervisning\\\/#primaryimage\"},\"image\":{\"@id\":\"https:\\\/\\\/larsonline.dk\\\/wordpress\\\/undervisning\\\/#primaryimage\"},\"thumbnailUrl\":\"https:\\\/\\\/larsonline.dk\\\/wordpress\\\/wp-content\\\/uploads\\\/2024\\\/09\\\/Undervisning-1.jpg\",\"datePublished\":\"2022-05-17T14:17:22+00:00\",\"dateModified\":\"2024-09-19T09:29:56+00:00\",\"breadcrumb\":{\"@id\":\"https:\\\/\\\/larsonline.dk\\\/wordpress\\\/undervisning\\\/#breadcrumb\"},\"inLanguage\":\"da-DK\",\"potentialAction\":[{\"@type\":\"ReadAction\",\"target\":[\"https:\\\/\\\/larsonline.dk\\\/wordpress\\\/undervisning\\\/\"]}]},{\"@type\":\"ImageObject\",\"inLanguage\":\"da-DK\",\"@id\":\"https:\\\/\\\/larsonline.dk\\\/wordpress\\\/undervisning\\\/#primaryimage\",\"url\":\"https:\\\/\\\/larsonline.dk\\\/wordpress\\\/wp-content\\\/uploads\\\/2024\\\/09\\\/Undervisning-1.jpg\",\"contentUrl\":\"https:\\\/\\\/larsonline.dk\\\/wordpress\\\/wp-content\\\/uploads\\\/2024\\\/09\\\/Undervisning-1.jpg\",\"width\":1038,\"height\":590,\"caption\":\"Undervisning\"},{\"@type\":\"BreadcrumbList\",\"@id\":\"https:\\\/\\\/larsonline.dk\\\/wordpress\\\/undervisning\\\/#breadcrumb\",\"itemListElement\":[{\"@type\":\"ListItem\",\"position\":1,\"name\":\"Hjem\",\"item\":\"https:\\\/\\\/larsonline.dk\\\/wordpress\\\/\"},{\"@type\":\"ListItem\",\"position\":2,\"name\":\"Undervisning\"}]},{\"@type\":\"WebSite\",\"@id\":\"https:\\\/\\\/larsonline.dk\\\/wordpress\\\/#website\",\"url\":\"https:\\\/\\\/larsonline.dk\\\/wordpress\\\/\",\"name\":\"Lars Kristian S\u00f8rensen\",\"description\":\"\",\"publisher\":{\"@id\":\"https:\\\/\\\/larsonline.dk\\\/wordpress\\\/#\\\/schema\\\/person\\\/299b0784e5767b7d38d21b3b9f0418f8\"},\"potentialAction\":[{\"@type\":\"SearchAction\",\"target\":{\"@type\":\"EntryPoint\",\"urlTemplate\":\"https:\\\/\\\/larsonline.dk\\\/wordpress\\\/?s={search_term_string}\"},\"query-input\":{\"@type\":\"PropertyValueSpecification\",\"valueRequired\":true,\"valueName\":\"search_term_string\"}}],\"inLanguage\":\"da-DK\"},{\"@type\":[\"Person\",\"Organization\"],\"@id\":\"https:\\\/\\\/larsonline.dk\\\/wordpress\\\/#\\\/schema\\\/person\\\/299b0784e5767b7d38d21b3b9f0418f8\",\"name\":\"Lars\",\"image\":{\"@type\":\"ImageObject\",\"inLanguage\":\"da-DK\",\"@id\":\"https:\\\/\\\/larsonline.dk\\\/wordpress\\\/wp-content\\\/uploads\\\/2022\\\/05\\\/Logo.jpg\",\"url\":\"https:\\\/\\\/larsonline.dk\\\/wordpress\\\/wp-content\\\/uploads\\\/2022\\\/05\\\/Logo.jpg\",\"contentUrl\":\"https:\\\/\\\/larsonline.dk\\\/wordpress\\\/wp-content\\\/uploads\\\/2022\\\/05\\\/Logo.jpg\",\"width\":190,\"height\":190,\"caption\":\"Lars\"},\"logo\":{\"@id\":\"https:\\\/\\\/larsonline.dk\\\/wordpress\\\/wp-content\\\/uploads\\\/2022\\\/05\\\/Logo.jpg\"},\"sameAs\":[\"https:\\\/\\\/www.facebook.com\\\/larskristiansorensen\\\/\",\"https:\\\/\\\/www.instagram.com\\\/larskrsorensen\\\/\"]}]}<\/script>\n<!-- \/ Yoast SEO plugin. -->","yoast_head_json":{"title":"Undervisning - Lars Kristian S\u00f8rensen","robots":{"index":"index","follow":"follow","max-snippet":"max-snippet:-1","max-image-preview":"max-image-preview:large","max-video-preview":"max-video-preview:-1"},"canonical":"https:\/\/larsonline.dk\/wordpress\/undervisning\/","og_locale":"da_DK","og_type":"article","og_title":"Undervisning - Lars Kristian S\u00f8rensen","og_description":"Dr\u00f8mmen om at spille musik Jeg har altid undervist i musik, og g\u00f8r det med stor gl\u00e6de og entusiasme. Det er fantastisk at kunne g\u00f8re en forskel ved at realisere menneskers dr\u00f8mme om at kunne spille og synge. Jeg underviser i guitar, saxofon og ukulele. Og s\u00e5 dirigerer jeg rytmisk kor. Herunder kan du finde &hellip; L\u00e6s videre Undervisning &rarr;","og_url":"https:\/\/larsonline.dk\/wordpress\/undervisning\/","og_site_name":"Lars Kristian S\u00f8rensen","article_publisher":"https:\/\/www.facebook.com\/larskristiansorensen\/","article_modified_time":"2024-09-19T09:29:56+00:00","og_image":[{"width":1038,"height":590,"url":"https:\/\/larsonline.dk\/wordpress\/wp-content\/uploads\/2024\/09\/Undervisning-1.jpg","type":"image\/jpeg"}],"twitter_card":"summary_large_image","schema":{"@context":"https:\/\/schema.org","@graph":[{"@type":"WebPage","@id":"https:\/\/larsonline.dk\/wordpress\/undervisning\/","url":"https:\/\/larsonline.dk\/wordpress\/undervisning\/","name":"Undervisning - Lars Kristian S\u00f8rensen","isPartOf":{"@id":"https:\/\/larsonline.dk\/wordpress\/#website"},"primaryImageOfPage":{"@id":"https:\/\/larsonline.dk\/wordpress\/undervisning\/#primaryimage"},"image":{"@id":"https:\/\/larsonline.dk\/wordpress\/undervisning\/#primaryimage"},"thumbnailUrl":"https:\/\/larsonline.dk\/wordpress\/wp-content\/uploads\/2024\/09\/Undervisning-1.jpg","datePublished":"2022-05-17T14:17:22+00:00","dateModified":"2024-09-19T09:29:56+00:00","breadcrumb":{"@id":"https:\/\/larsonline.dk\/wordpress\/undervisning\/#breadcrumb"},"inLanguage":"da-DK","potentialAction":[{"@type":"ReadAction","target":["https:\/\/larsonline.dk\/wordpress\/undervisning\/"]}]},{"@type":"ImageObject","inLanguage":"da-DK","@id":"https:\/\/larsonline.dk\/wordpress\/undervisning\/#primaryimage","url":"https:\/\/larsonline.dk\/wordpress\/wp-content\/uploads\/2024\/09\/Undervisning-1.jpg","contentUrl":"https:\/\/larsonline.dk\/wordpress\/wp-content\/uploads\/2024\/09\/Undervisning-1.jpg","width":1038,"height":590,"caption":"Undervisning"},{"@type":"BreadcrumbList","@id":"https:\/\/larsonline.dk\/wordpress\/undervisning\/#breadcrumb","itemListElement":[{"@type":"ListItem","position":1,"name":"Hjem","item":"https:\/\/larsonline.dk\/wordpress\/"},{"@type":"ListItem","position":2,"name":"Undervisning"}]},{"@type":"WebSite","@id":"https:\/\/larsonline.dk\/wordpress\/#website","url":"https:\/\/larsonline.dk\/wordpress\/","name":"Lars Kristian S\u00f8rensen","description":"","publisher":{"@id":"https:\/\/larsonline.dk\/wordpress\/#\/schema\/person\/299b0784e5767b7d38d21b3b9f0418f8"},"potentialAction":[{"@type":"SearchAction","target":{"@type":"EntryPoint","urlTemplate":"https:\/\/larsonline.dk\/wordpress\/?s={search_term_string}"},"query-input":{"@type":"PropertyValueSpecification","valueRequired":true,"valueName":"search_term_string"}}],"inLanguage":"da-DK"},{"@type":["Person","Organization"],"@id":"https:\/\/larsonline.dk\/wordpress\/#\/schema\/person\/299b0784e5767b7d38d21b3b9f0418f8","name":"Lars","image":{"@type":"ImageObject","inLanguage":"da-DK","@id":"https:\/\/larsonline.dk\/wordpress\/wp-content\/uploads\/2022\/05\/Logo.jpg","url":"https:\/\/larsonline.dk\/wordpress\/wp-content\/uploads\/2022\/05\/Logo.jpg","contentUrl":"https:\/\/larsonline.dk\/wordpress\/wp-content\/uploads\/2022\/05\/Logo.jpg","width":190,"height":190,"caption":"Lars"},"logo":{"@id":"https:\/\/larsonline.dk\/wordpress\/wp-content\/uploads\/2022\/05\/Logo.jpg"},"sameAs":["https:\/\/www.facebook.com\/larskristiansorensen\/","https:\/\/www.instagram.com\/larskrsorensen\/"]}]}},"_links":{"self":[{"href":"https:\/\/larsonline.dk\/wordpress\/wp-json\/wp\/v2\/pages\/53","targetHints":{"allow":["GET"]}}],"collection":[{"href":"https:\/\/larsonline.dk\/wordpress\/wp-json\/wp\/v2\/pages"}],"about":[{"href":"https:\/\/larsonline.dk\/wordpress\/wp-json\/wp\/v2\/types\/page"}],"author":[{"embeddable":true,"href":"https:\/\/larsonline.dk\/wordpress\/wp-json\/wp\/v2\/users\/1"}],"replies":[{"embeddable":true,"href":"https:\/\/larsonline.dk\/wordpress\/wp-json\/wp\/v2\/comments?post=53"}],"version-history":[{"count":13,"href":"https:\/\/larsonline.dk\/wordpress\/wp-json\/wp\/v2\/pages\/53\/revisions"}],"predecessor-version":[{"id":337,"href":"https:\/\/larsonline.dk\/wordpress\/wp-json\/wp\/v2\/pages\/53\/revisions\/337"}],"wp:featuredmedia":[{"embeddable":true,"href":"https:\/\/larsonline.dk\/wordpress\/wp-json\/wp\/v2\/media\/336"}],"wp:attachment":[{"href":"https:\/\/larsonline.dk\/wordpress\/wp-json\/wp\/v2\/media?parent=53"}],"curies":[{"name":"wp","href":"https:\/\/api.w.org\/{rel}","templated":true}]}}