{"id":523,"date":"2025-07-18T19:27:32","date_gmt":"2025-07-18T17:27:32","guid":{"rendered":"https:\/\/larsonline.dk\/wordpress\/?page_id=523"},"modified":"2025-07-20T15:00:08","modified_gmt":"2025-07-20T13:00:08","slug":"morgenserenade","status":"publish","type":"page","link":"https:\/\/larsonline.dk\/wordpress\/morgenserenade\/","title":{"rendered":"Morgenserenade"},"content":{"rendered":"\n<p>Til s\u00f8lv- og guldbryllupper mm.<\/p>\n\n\n\n<p>V\u00e6k dem du holder af med  kendte morgensange.<\/p>\n\n\n\n<p>Svantes lykkelige dag<br>I \u00f8sten stiger solen op<br>Det er s\u00e5 yndigt at f\u00f8lges ad<br>Kald det k\u00e6rlighed<\/p>\n\n\n\n<p>Det fortjener de.<\/p>\n\n\n\n<p>Husk, at man kan synge enhver sang, man har lyst til. Bare g\u00e6sterne kender dem. Fastere er traditionerne heller ikke.<\/p>\n\n\n\n<p>Jeg akkompagnerer p\u00e5 guitar og synger med p\u00e5 sangene.<\/p>\n\n\n\n<p>Pris fra kr. 3000,-<\/p>\n\n\n\n<p>Herunder kan du gratis downloade en pdf fil med tekster til sangene ovenfor. Husk at det kan v\u00e6re smart at n\u00f8jes med nogle f\u00e5 udvalgte vers, is\u00e6r i salmerne, s\u00e5 det ikke bliver for langt. Her er alle vers dog taget med, s\u00e5 du selv kan v\u00e6lge.<\/p>\n\n\n\n<div class=\"wp-block-file\"><a id=\"wp-block-file--media-453c4254-c3b5-4c17-aa72-28e7d5565077\" href=\"https:\/\/larsonline.dk\/wordpress\/wp-content\/uploads\/2025\/07\/Morgenserenade-tekster.pdf\">Morgenserenade tekster<\/a><a href=\"https:\/\/larsonline.dk\/wordpress\/wp-content\/uploads\/2025\/07\/Morgenserenade-tekster.pdf\" class=\"wp-block-file__button wp-element-button\" download aria-describedby=\"wp-block-file--media-453c4254-c3b5-4c17-aa72-28e7d5565077\">Download<\/a><\/div>\n\n\n\n<p><\/p>\n","protected":false},"excerpt":{"rendered":"<p>Til s\u00f8lv- og guldbryllupper mm. V\u00e6k dem du holder af med kendte morgensange. Svantes lykkelige dagI \u00f8sten stiger solen opDet er s\u00e5 yndigt at f\u00f8lges adKald det k\u00e6rlighed Det fortjener de. Husk, at man kan synge enhver sang, man har lyst til. Bare g\u00e6sterne kender dem. Fastere er traditionerne heller ikke. Jeg akkompagnerer p\u00e5 guitar &hellip; <a href=\"https:\/\/larsonline.dk\/wordpress\/morgenserenade\/\" class=\"more-link\">L\u00e6s videre <span class=\"screen-reader-text\">Morgenserenade<\/span> <span class=\"meta-nav\">&rarr;<\/span><\/a><\/p>\n","protected":false},"author":1,"featured_media":524,"parent":0,"menu_order":0,"comment_status":"closed","ping_status":"closed","template":"","meta":{"footnotes":""},"class_list":["post-523","page","type-page","status-publish","has-post-thumbnail","hentry"],"yoast_head":"<!-- This site is optimized with the Yoast SEO plugin v27.4 - https:\/\/yoast.com\/product\/yoast-seo-wordpress\/ -->\n<title>Morgenserenade - Lars Kristian S\u00f8rensen<\/title>\n<meta name=\"robots\" content=\"index, follow, max-snippet:-1, max-image-preview:large, max-video-preview:-1\" \/>\n<link rel=\"canonical\" href=\"https:\/\/larsonline.dk\/wordpress\/morgenserenade\/\" \/>\n<meta property=\"og:locale\" content=\"da_DK\" \/>\n<meta property=\"og:type\" content=\"article\" \/>\n<meta property=\"og:title\" content=\"Morgenserenade - Lars Kristian S\u00f8rensen\" \/>\n<meta property=\"og:description\" content=\"Til s\u00f8lv- og guldbryllupper mm. V\u00e6k dem du holder af med kendte morgensange. Svantes lykkelige dagI \u00f8sten stiger solen opDet er s\u00e5 yndigt at f\u00f8lges adKald det k\u00e6rlighed Det fortjener de. Husk, at man kan synge enhver sang, man har lyst til. Bare g\u00e6sterne kender dem. Fastere er traditionerne heller ikke. Jeg akkompagnerer p\u00e5 guitar &hellip; L\u00e6s videre Morgenserenade &rarr;\" \/>\n<meta property=\"og:url\" content=\"https:\/\/larsonline.dk\/wordpress\/morgenserenade\/\" \/>\n<meta property=\"og:site_name\" content=\"Lars Kristian S\u00f8rensen\" \/>\n<meta property=\"article:publisher\" content=\"https:\/\/www.facebook.com\/larskristiansorensen\/\" \/>\n<meta property=\"article:modified_time\" content=\"2025-07-20T13:00:08+00:00\" \/>\n<meta property=\"og:image\" content=\"https:\/\/larsonline.dk\/wordpress\/wp-content\/uploads\/2025\/07\/Soelvbryllup.jpg\" \/>\n\t<meta property=\"og:image:width\" content=\"1495\" \/>\n\t<meta property=\"og:image:height\" content=\"883\" \/>\n\t<meta property=\"og:image:type\" content=\"image\/jpeg\" \/>\n<meta name=\"twitter:card\" content=\"summary_large_image\" \/>\n<meta name=\"twitter:label1\" content=\"Estimeret l\u00e6setid\" \/>\n\t<meta name=\"twitter:data1\" content=\"1 minut\" \/>\n<script type=\"application\/ld+json\" class=\"yoast-schema-graph\">{\"@context\":\"https:\\\/\\\/schema.org\",\"@graph\":[{\"@type\":\"WebPage\",\"@id\":\"https:\\\/\\\/larsonline.dk\\\/wordpress\\\/morgenserenade\\\/\",\"url\":\"https:\\\/\\\/larsonline.dk\\\/wordpress\\\/morgenserenade\\\/\",\"name\":\"Morgenserenade - Lars Kristian S\u00f8rensen\",\"isPartOf\":{\"@id\":\"https:\\\/\\\/larsonline.dk\\\/wordpress\\\/#website\"},\"primaryImageOfPage\":{\"@id\":\"https:\\\/\\\/larsonline.dk\\\/wordpress\\\/morgenserenade\\\/#primaryimage\"},\"image\":{\"@id\":\"https:\\\/\\\/larsonline.dk\\\/wordpress\\\/morgenserenade\\\/#primaryimage\"},\"thumbnailUrl\":\"https:\\\/\\\/larsonline.dk\\\/wordpress\\\/wp-content\\\/uploads\\\/2025\\\/07\\\/Soelvbryllup.jpg\",\"datePublished\":\"2025-07-18T17:27:32+00:00\",\"dateModified\":\"2025-07-20T13:00:08+00:00\",\"breadcrumb\":{\"@id\":\"https:\\\/\\\/larsonline.dk\\\/wordpress\\\/morgenserenade\\\/#breadcrumb\"},\"inLanguage\":\"da-DK\",\"potentialAction\":[{\"@type\":\"ReadAction\",\"target\":[\"https:\\\/\\\/larsonline.dk\\\/wordpress\\\/morgenserenade\\\/\"]}]},{\"@type\":\"ImageObject\",\"inLanguage\":\"da-DK\",\"@id\":\"https:\\\/\\\/larsonline.dk\\\/wordpress\\\/morgenserenade\\\/#primaryimage\",\"url\":\"https:\\\/\\\/larsonline.dk\\\/wordpress\\\/wp-content\\\/uploads\\\/2025\\\/07\\\/Soelvbryllup.jpg\",\"contentUrl\":\"https:\\\/\\\/larsonline.dk\\\/wordpress\\\/wp-content\\\/uploads\\\/2025\\\/07\\\/Soelvbryllup.jpg\",\"width\":1495,\"height\":883},{\"@type\":\"BreadcrumbList\",\"@id\":\"https:\\\/\\\/larsonline.dk\\\/wordpress\\\/morgenserenade\\\/#breadcrumb\",\"itemListElement\":[{\"@type\":\"ListItem\",\"position\":1,\"name\":\"Hjem\",\"item\":\"https:\\\/\\\/larsonline.dk\\\/wordpress\\\/\"},{\"@type\":\"ListItem\",\"position\":2,\"name\":\"Morgenserenade\"}]},{\"@type\":\"WebSite\",\"@id\":\"https:\\\/\\\/larsonline.dk\\\/wordpress\\\/#website\",\"url\":\"https:\\\/\\\/larsonline.dk\\\/wordpress\\\/\",\"name\":\"Lars Kristian S\u00f8rensen\",\"description\":\"\",\"publisher\":{\"@id\":\"https:\\\/\\\/larsonline.dk\\\/wordpress\\\/#\\\/schema\\\/person\\\/299b0784e5767b7d38d21b3b9f0418f8\"},\"potentialAction\":[{\"@type\":\"SearchAction\",\"target\":{\"@type\":\"EntryPoint\",\"urlTemplate\":\"https:\\\/\\\/larsonline.dk\\\/wordpress\\\/?s={search_term_string}\"},\"query-input\":{\"@type\":\"PropertyValueSpecification\",\"valueRequired\":true,\"valueName\":\"search_term_string\"}}],\"inLanguage\":\"da-DK\"},{\"@type\":[\"Person\",\"Organization\"],\"@id\":\"https:\\\/\\\/larsonline.dk\\\/wordpress\\\/#\\\/schema\\\/person\\\/299b0784e5767b7d38d21b3b9f0418f8\",\"name\":\"Lars\",\"image\":{\"@type\":\"ImageObject\",\"inLanguage\":\"da-DK\",\"@id\":\"https:\\\/\\\/larsonline.dk\\\/wordpress\\\/wp-content\\\/uploads\\\/2022\\\/05\\\/Logo.jpg\",\"url\":\"https:\\\/\\\/larsonline.dk\\\/wordpress\\\/wp-content\\\/uploads\\\/2022\\\/05\\\/Logo.jpg\",\"contentUrl\":\"https:\\\/\\\/larsonline.dk\\\/wordpress\\\/wp-content\\\/uploads\\\/2022\\\/05\\\/Logo.jpg\",\"width\":190,\"height\":190,\"caption\":\"Lars\"},\"logo\":{\"@id\":\"https:\\\/\\\/larsonline.dk\\\/wordpress\\\/wp-content\\\/uploads\\\/2022\\\/05\\\/Logo.jpg\"},\"sameAs\":[\"https:\\\/\\\/www.facebook.com\\\/larskristiansorensen\\\/\",\"https:\\\/\\\/www.instagram.com\\\/larskrsorensen\\\/\"]}]}<\/script>\n<!-- \/ Yoast SEO plugin. -->","yoast_head_json":{"title":"Morgenserenade - Lars Kristian S\u00f8rensen","robots":{"index":"index","follow":"follow","max-snippet":"max-snippet:-1","max-image-preview":"max-image-preview:large","max-video-preview":"max-video-preview:-1"},"canonical":"https:\/\/larsonline.dk\/wordpress\/morgenserenade\/","og_locale":"da_DK","og_type":"article","og_title":"Morgenserenade - Lars Kristian S\u00f8rensen","og_description":"Til s\u00f8lv- og guldbryllupper mm. V\u00e6k dem du holder af med kendte morgensange. Svantes lykkelige dagI \u00f8sten stiger solen opDet er s\u00e5 yndigt at f\u00f8lges adKald det k\u00e6rlighed Det fortjener de. Husk, at man kan synge enhver sang, man har lyst til. Bare g\u00e6sterne kender dem. Fastere er traditionerne heller ikke. Jeg akkompagnerer p\u00e5 guitar &hellip; L\u00e6s videre Morgenserenade &rarr;","og_url":"https:\/\/larsonline.dk\/wordpress\/morgenserenade\/","og_site_name":"Lars Kristian S\u00f8rensen","article_publisher":"https:\/\/www.facebook.com\/larskristiansorensen\/","article_modified_time":"2025-07-20T13:00:08+00:00","og_image":[{"width":1495,"height":883,"url":"https:\/\/larsonline.dk\/wordpress\/wp-content\/uploads\/2025\/07\/Soelvbryllup.jpg","type":"image\/jpeg"}],"twitter_card":"summary_large_image","twitter_misc":{"Estimeret l\u00e6setid":"1 minut"},"schema":{"@context":"https:\/\/schema.org","@graph":[{"@type":"WebPage","@id":"https:\/\/larsonline.dk\/wordpress\/morgenserenade\/","url":"https:\/\/larsonline.dk\/wordpress\/morgenserenade\/","name":"Morgenserenade - Lars Kristian S\u00f8rensen","isPartOf":{"@id":"https:\/\/larsonline.dk\/wordpress\/#website"},"primaryImageOfPage":{"@id":"https:\/\/larsonline.dk\/wordpress\/morgenserenade\/#primaryimage"},"image":{"@id":"https:\/\/larsonline.dk\/wordpress\/morgenserenade\/#primaryimage"},"thumbnailUrl":"https:\/\/larsonline.dk\/wordpress\/wp-content\/uploads\/2025\/07\/Soelvbryllup.jpg","datePublished":"2025-07-18T17:27:32+00:00","dateModified":"2025-07-20T13:00:08+00:00","breadcrumb":{"@id":"https:\/\/larsonline.dk\/wordpress\/morgenserenade\/#breadcrumb"},"inLanguage":"da-DK","potentialAction":[{"@type":"ReadAction","target":["https:\/\/larsonline.dk\/wordpress\/morgenserenade\/"]}]},{"@type":"ImageObject","inLanguage":"da-DK","@id":"https:\/\/larsonline.dk\/wordpress\/morgenserenade\/#primaryimage","url":"https:\/\/larsonline.dk\/wordpress\/wp-content\/uploads\/2025\/07\/Soelvbryllup.jpg","contentUrl":"https:\/\/larsonline.dk\/wordpress\/wp-content\/uploads\/2025\/07\/Soelvbryllup.jpg","width":1495,"height":883},{"@type":"BreadcrumbList","@id":"https:\/\/larsonline.dk\/wordpress\/morgenserenade\/#breadcrumb","itemListElement":[{"@type":"ListItem","position":1,"name":"Hjem","item":"https:\/\/larsonline.dk\/wordpress\/"},{"@type":"ListItem","position":2,"name":"Morgenserenade"}]},{"@type":"WebSite","@id":"https:\/\/larsonline.dk\/wordpress\/#website","url":"https:\/\/larsonline.dk\/wordpress\/","name":"Lars Kristian S\u00f8rensen","description":"","publisher":{"@id":"https:\/\/larsonline.dk\/wordpress\/#\/schema\/person\/299b0784e5767b7d38d21b3b9f0418f8"},"potentialAction":[{"@type":"SearchAction","target":{"@type":"EntryPoint","urlTemplate":"https:\/\/larsonline.dk\/wordpress\/?s={search_term_string}"},"query-input":{"@type":"PropertyValueSpecification","valueRequired":true,"valueName":"search_term_string"}}],"inLanguage":"da-DK"},{"@type":["Person","Organization"],"@id":"https:\/\/larsonline.dk\/wordpress\/#\/schema\/person\/299b0784e5767b7d38d21b3b9f0418f8","name":"Lars","image":{"@type":"ImageObject","inLanguage":"da-DK","@id":"https:\/\/larsonline.dk\/wordpress\/wp-content\/uploads\/2022\/05\/Logo.jpg","url":"https:\/\/larsonline.dk\/wordpress\/wp-content\/uploads\/2022\/05\/Logo.jpg","contentUrl":"https:\/\/larsonline.dk\/wordpress\/wp-content\/uploads\/2022\/05\/Logo.jpg","width":190,"height":190,"caption":"Lars"},"logo":{"@id":"https:\/\/larsonline.dk\/wordpress\/wp-content\/uploads\/2022\/05\/Logo.jpg"},"sameAs":["https:\/\/www.facebook.com\/larskristiansorensen\/","https:\/\/www.instagram.com\/larskrsorensen\/"]}]}},"_links":{"self":[{"href":"https:\/\/larsonline.dk\/wordpress\/wp-json\/wp\/v2\/pages\/523","targetHints":{"allow":["GET"]}}],"collection":[{"href":"https:\/\/larsonline.dk\/wordpress\/wp-json\/wp\/v2\/pages"}],"about":[{"href":"https:\/\/larsonline.dk\/wordpress\/wp-json\/wp\/v2\/types\/page"}],"author":[{"embeddable":true,"href":"https:\/\/larsonline.dk\/wordpress\/wp-json\/wp\/v2\/users\/1"}],"replies":[{"embeddable":true,"href":"https:\/\/larsonline.dk\/wordpress\/wp-json\/wp\/v2\/comments?post=523"}],"version-history":[{"count":10,"href":"https:\/\/larsonline.dk\/wordpress\/wp-json\/wp\/v2\/pages\/523\/revisions"}],"predecessor-version":[{"id":546,"href":"https:\/\/larsonline.dk\/wordpress\/wp-json\/wp\/v2\/pages\/523\/revisions\/546"}],"wp:featuredmedia":[{"embeddable":true,"href":"https:\/\/larsonline.dk\/wordpress\/wp-json\/wp\/v2\/media\/524"}],"wp:attachment":[{"href":"https:\/\/larsonline.dk\/wordpress\/wp-json\/wp\/v2\/media?parent=523"}],"curies":[{"name":"wp","href":"https:\/\/api.w.org\/{rel}","templated":true}]}}