{"id":177,"date":"2022-05-23T17:37:21","date_gmt":"2022-05-23T15:37:21","guid":{"rendered":"http:\/\/larsonline.dk\/wordpress\/?page_id=177"},"modified":"2025-04-17T10:47:43","modified_gmt":"2025-04-17T08:47:43","slug":"koncerter-og-underholdning","status":"publish","type":"page","link":"https:\/\/larsonline.dk\/wordpress\/koncerter-og-underholdning\/","title":{"rendered":"Koncerter og underholdning"},"content":{"rendered":"\n<p><strong>2 x 45 minutters underholdning med popsange<\/strong><br>Lyt og syng med p\u00e5 de bedste sange fra de sidste 50 \u00e5rs pop, rock og folk.<br>Pris: kr. 5000,-<\/p>\n\n\n\n<p><strong>3 x 45 minutters underholdning med popsange<\/strong><br>Som ovenfor, bare tre s\u00e6t.<br>Pris: kr. 6500,-<\/p>\n\n\n\n<p><strong>En aften med The Beatles<\/strong><br>Verdens st\u00f8rste band nogensinde. Vi synger os igennem hele karrieren.<br>Pris: kr. 6500,-<\/p>\n\n\n\n<p><strong>Den er go\u00b4, ka du tro<\/strong>!<br>Musik og r\u00f8verhistorier fra Vestsj\u00e6lland (kommer i 2025)<br>Pris: kr. 6500,-<\/p>\n\n\n\n<p>Se mere under <a href=\"https:\/\/larsonline.dk\/wordpress\/faellessang\/\" title=\"\">f\u00e6llessang<\/a> her p\u00e5 siden.<\/p>\n\n\n\n<p><\/p>\n","protected":false},"excerpt":{"rendered":"<p>2 x 45 minutters underholdning med popsangeLyt og syng med p\u00e5 de bedste sange fra de sidste 50 \u00e5rs pop, rock og folk.Pris: kr. 5000,- 3 x 45 minutters underholdning med popsangeSom ovenfor, bare tre s\u00e6t.Pris: kr. 6500,- En aften med The BeatlesVerdens st\u00f8rste band nogensinde. Vi synger os igennem hele karrieren.Pris: kr. 6500,- Den &hellip; <a href=\"https:\/\/larsonline.dk\/wordpress\/koncerter-og-underholdning\/\" class=\"more-link\">L\u00e6s videre <span class=\"screen-reader-text\">Koncerter og underholdning<\/span> <span class=\"meta-nav\">&rarr;<\/span><\/a><\/p>\n","protected":false},"author":1,"featured_media":405,"parent":0,"menu_order":0,"comment_status":"closed","ping_status":"closed","template":"","meta":{"footnotes":""},"class_list":["post-177","page","type-page","status-publish","has-post-thumbnail","hentry"],"yoast_head":"<!-- This site is optimized with the Yoast SEO plugin v27.4 - https:\/\/yoast.com\/product\/yoast-seo-wordpress\/ -->\n<title>Koncerter og underholdning - Lars Kristian S\u00f8rensen<\/title>\n<meta name=\"robots\" content=\"index, follow, max-snippet:-1, max-image-preview:large, max-video-preview:-1\" \/>\n<link rel=\"canonical\" href=\"https:\/\/larsonline.dk\/wordpress\/koncerter-og-underholdning\/\" \/>\n<meta property=\"og:locale\" content=\"da_DK\" \/>\n<meta property=\"og:type\" content=\"article\" \/>\n<meta property=\"og:title\" content=\"Koncerter og underholdning - Lars Kristian S\u00f8rensen\" \/>\n<meta property=\"og:description\" content=\"2 x 45 minutters underholdning med popsangeLyt og syng med p\u00e5 de bedste sange fra de sidste 50 \u00e5rs pop, rock og folk.Pris: kr. 5000,- 3 x 45 minutters underholdning med popsangeSom ovenfor, bare tre s\u00e6t.Pris: kr. 6500,- En aften med The BeatlesVerdens st\u00f8rste band nogensinde. Vi synger os igennem hele karrieren.Pris: kr. 6500,- Den &hellip; L\u00e6s videre Koncerter og underholdning &rarr;\" \/>\n<meta property=\"og:url\" content=\"https:\/\/larsonline.dk\/wordpress\/koncerter-og-underholdning\/\" \/>\n<meta property=\"og:site_name\" content=\"Lars Kristian S\u00f8rensen\" \/>\n<meta property=\"article:publisher\" content=\"https:\/\/www.facebook.com\/larskristiansorensen\/\" \/>\n<meta property=\"article:modified_time\" content=\"2025-04-17T08:47:43+00:00\" \/>\n<meta property=\"og:image\" content=\"https:\/\/larsonline.dk\/wordpress\/wp-content\/uploads\/2024\/09\/VV-2019-2-e1726838539135.jpeg\" \/>\n\t<meta property=\"og:image:width\" content=\"1590\" \/>\n\t<meta property=\"og:image:height\" content=\"906\" \/>\n\t<meta property=\"og:image:type\" content=\"image\/jpeg\" \/>\n<meta name=\"twitter:card\" content=\"summary_large_image\" \/>\n<script type=\"application\/ld+json\" class=\"yoast-schema-graph\">{\"@context\":\"https:\\\/\\\/schema.org\",\"@graph\":[{\"@type\":\"WebPage\",\"@id\":\"https:\\\/\\\/larsonline.dk\\\/wordpress\\\/koncerter-og-underholdning\\\/\",\"url\":\"https:\\\/\\\/larsonline.dk\\\/wordpress\\\/koncerter-og-underholdning\\\/\",\"name\":\"Koncerter og underholdning - Lars Kristian S\u00f8rensen\",\"isPartOf\":{\"@id\":\"https:\\\/\\\/larsonline.dk\\\/wordpress\\\/#website\"},\"primaryImageOfPage\":{\"@id\":\"https:\\\/\\\/larsonline.dk\\\/wordpress\\\/koncerter-og-underholdning\\\/#primaryimage\"},\"image\":{\"@id\":\"https:\\\/\\\/larsonline.dk\\\/wordpress\\\/koncerter-og-underholdning\\\/#primaryimage\"},\"thumbnailUrl\":\"https:\\\/\\\/larsonline.dk\\\/wordpress\\\/wp-content\\\/uploads\\\/2024\\\/09\\\/VV-2019-2-e1726838539135.jpeg\",\"datePublished\":\"2022-05-23T15:37:21+00:00\",\"dateModified\":\"2025-04-17T08:47:43+00:00\",\"breadcrumb\":{\"@id\":\"https:\\\/\\\/larsonline.dk\\\/wordpress\\\/koncerter-og-underholdning\\\/#breadcrumb\"},\"inLanguage\":\"da-DK\",\"potentialAction\":[{\"@type\":\"ReadAction\",\"target\":[\"https:\\\/\\\/larsonline.dk\\\/wordpress\\\/koncerter-og-underholdning\\\/\"]}]},{\"@type\":\"ImageObject\",\"inLanguage\":\"da-DK\",\"@id\":\"https:\\\/\\\/larsonline.dk\\\/wordpress\\\/koncerter-og-underholdning\\\/#primaryimage\",\"url\":\"https:\\\/\\\/larsonline.dk\\\/wordpress\\\/wp-content\\\/uploads\\\/2024\\\/09\\\/VV-2019-2-e1726838539135.jpeg\",\"contentUrl\":\"https:\\\/\\\/larsonline.dk\\\/wordpress\\\/wp-content\\\/uploads\\\/2024\\\/09\\\/VV-2019-2-e1726838539135.jpeg\",\"width\":1590,\"height\":906},{\"@type\":\"BreadcrumbList\",\"@id\":\"https:\\\/\\\/larsonline.dk\\\/wordpress\\\/koncerter-og-underholdning\\\/#breadcrumb\",\"itemListElement\":[{\"@type\":\"ListItem\",\"position\":1,\"name\":\"Hjem\",\"item\":\"https:\\\/\\\/larsonline.dk\\\/wordpress\\\/\"},{\"@type\":\"ListItem\",\"position\":2,\"name\":\"Koncerter og underholdning\"}]},{\"@type\":\"WebSite\",\"@id\":\"https:\\\/\\\/larsonline.dk\\\/wordpress\\\/#website\",\"url\":\"https:\\\/\\\/larsonline.dk\\\/wordpress\\\/\",\"name\":\"Lars Kristian S\u00f8rensen\",\"description\":\"\",\"publisher\":{\"@id\":\"https:\\\/\\\/larsonline.dk\\\/wordpress\\\/#\\\/schema\\\/person\\\/299b0784e5767b7d38d21b3b9f0418f8\"},\"potentialAction\":[{\"@type\":\"SearchAction\",\"target\":{\"@type\":\"EntryPoint\",\"urlTemplate\":\"https:\\\/\\\/larsonline.dk\\\/wordpress\\\/?s={search_term_string}\"},\"query-input\":{\"@type\":\"PropertyValueSpecification\",\"valueRequired\":true,\"valueName\":\"search_term_string\"}}],\"inLanguage\":\"da-DK\"},{\"@type\":[\"Person\",\"Organization\"],\"@id\":\"https:\\\/\\\/larsonline.dk\\\/wordpress\\\/#\\\/schema\\\/person\\\/299b0784e5767b7d38d21b3b9f0418f8\",\"name\":\"Lars\",\"image\":{\"@type\":\"ImageObject\",\"inLanguage\":\"da-DK\",\"@id\":\"https:\\\/\\\/larsonline.dk\\\/wordpress\\\/wp-content\\\/uploads\\\/2022\\\/05\\\/Logo.jpg\",\"url\":\"https:\\\/\\\/larsonline.dk\\\/wordpress\\\/wp-content\\\/uploads\\\/2022\\\/05\\\/Logo.jpg\",\"contentUrl\":\"https:\\\/\\\/larsonline.dk\\\/wordpress\\\/wp-content\\\/uploads\\\/2022\\\/05\\\/Logo.jpg\",\"width\":190,\"height\":190,\"caption\":\"Lars\"},\"logo\":{\"@id\":\"https:\\\/\\\/larsonline.dk\\\/wordpress\\\/wp-content\\\/uploads\\\/2022\\\/05\\\/Logo.jpg\"},\"sameAs\":[\"https:\\\/\\\/www.facebook.com\\\/larskristiansorensen\\\/\",\"https:\\\/\\\/www.instagram.com\\\/larskrsorensen\\\/\"]}]}<\/script>\n<!-- \/ Yoast SEO plugin. -->","yoast_head_json":{"title":"Koncerter og underholdning - Lars Kristian S\u00f8rensen","robots":{"index":"index","follow":"follow","max-snippet":"max-snippet:-1","max-image-preview":"max-image-preview:large","max-video-preview":"max-video-preview:-1"},"canonical":"https:\/\/larsonline.dk\/wordpress\/koncerter-og-underholdning\/","og_locale":"da_DK","og_type":"article","og_title":"Koncerter og underholdning - Lars Kristian S\u00f8rensen","og_description":"2 x 45 minutters underholdning med popsangeLyt og syng med p\u00e5 de bedste sange fra de sidste 50 \u00e5rs pop, rock og folk.Pris: kr. 5000,- 3 x 45 minutters underholdning med popsangeSom ovenfor, bare tre s\u00e6t.Pris: kr. 6500,- En aften med The BeatlesVerdens st\u00f8rste band nogensinde. Vi synger os igennem hele karrieren.Pris: kr. 6500,- Den &hellip; L\u00e6s videre Koncerter og underholdning &rarr;","og_url":"https:\/\/larsonline.dk\/wordpress\/koncerter-og-underholdning\/","og_site_name":"Lars Kristian S\u00f8rensen","article_publisher":"https:\/\/www.facebook.com\/larskristiansorensen\/","article_modified_time":"2025-04-17T08:47:43+00:00","og_image":[{"width":1590,"height":906,"url":"https:\/\/larsonline.dk\/wordpress\/wp-content\/uploads\/2024\/09\/VV-2019-2-e1726838539135.jpeg","type":"image\/jpeg"}],"twitter_card":"summary_large_image","schema":{"@context":"https:\/\/schema.org","@graph":[{"@type":"WebPage","@id":"https:\/\/larsonline.dk\/wordpress\/koncerter-og-underholdning\/","url":"https:\/\/larsonline.dk\/wordpress\/koncerter-og-underholdning\/","name":"Koncerter og underholdning - Lars Kristian S\u00f8rensen","isPartOf":{"@id":"https:\/\/larsonline.dk\/wordpress\/#website"},"primaryImageOfPage":{"@id":"https:\/\/larsonline.dk\/wordpress\/koncerter-og-underholdning\/#primaryimage"},"image":{"@id":"https:\/\/larsonline.dk\/wordpress\/koncerter-og-underholdning\/#primaryimage"},"thumbnailUrl":"https:\/\/larsonline.dk\/wordpress\/wp-content\/uploads\/2024\/09\/VV-2019-2-e1726838539135.jpeg","datePublished":"2022-05-23T15:37:21+00:00","dateModified":"2025-04-17T08:47:43+00:00","breadcrumb":{"@id":"https:\/\/larsonline.dk\/wordpress\/koncerter-og-underholdning\/#breadcrumb"},"inLanguage":"da-DK","potentialAction":[{"@type":"ReadAction","target":["https:\/\/larsonline.dk\/wordpress\/koncerter-og-underholdning\/"]}]},{"@type":"ImageObject","inLanguage":"da-DK","@id":"https:\/\/larsonline.dk\/wordpress\/koncerter-og-underholdning\/#primaryimage","url":"https:\/\/larsonline.dk\/wordpress\/wp-content\/uploads\/2024\/09\/VV-2019-2-e1726838539135.jpeg","contentUrl":"https:\/\/larsonline.dk\/wordpress\/wp-content\/uploads\/2024\/09\/VV-2019-2-e1726838539135.jpeg","width":1590,"height":906},{"@type":"BreadcrumbList","@id":"https:\/\/larsonline.dk\/wordpress\/koncerter-og-underholdning\/#breadcrumb","itemListElement":[{"@type":"ListItem","position":1,"name":"Hjem","item":"https:\/\/larsonline.dk\/wordpress\/"},{"@type":"ListItem","position":2,"name":"Koncerter og underholdning"}]},{"@type":"WebSite","@id":"https:\/\/larsonline.dk\/wordpress\/#website","url":"https:\/\/larsonline.dk\/wordpress\/","name":"Lars Kristian S\u00f8rensen","description":"","publisher":{"@id":"https:\/\/larsonline.dk\/wordpress\/#\/schema\/person\/299b0784e5767b7d38d21b3b9f0418f8"},"potentialAction":[{"@type":"SearchAction","target":{"@type":"EntryPoint","urlTemplate":"https:\/\/larsonline.dk\/wordpress\/?s={search_term_string}"},"query-input":{"@type":"PropertyValueSpecification","valueRequired":true,"valueName":"search_term_string"}}],"inLanguage":"da-DK"},{"@type":["Person","Organization"],"@id":"https:\/\/larsonline.dk\/wordpress\/#\/schema\/person\/299b0784e5767b7d38d21b3b9f0418f8","name":"Lars","image":{"@type":"ImageObject","inLanguage":"da-DK","@id":"https:\/\/larsonline.dk\/wordpress\/wp-content\/uploads\/2022\/05\/Logo.jpg","url":"https:\/\/larsonline.dk\/wordpress\/wp-content\/uploads\/2022\/05\/Logo.jpg","contentUrl":"https:\/\/larsonline.dk\/wordpress\/wp-content\/uploads\/2022\/05\/Logo.jpg","width":190,"height":190,"caption":"Lars"},"logo":{"@id":"https:\/\/larsonline.dk\/wordpress\/wp-content\/uploads\/2022\/05\/Logo.jpg"},"sameAs":["https:\/\/www.facebook.com\/larskristiansorensen\/","https:\/\/www.instagram.com\/larskrsorensen\/"]}]}},"_links":{"self":[{"href":"https:\/\/larsonline.dk\/wordpress\/wp-json\/wp\/v2\/pages\/177","targetHints":{"allow":["GET"]}}],"collection":[{"href":"https:\/\/larsonline.dk\/wordpress\/wp-json\/wp\/v2\/pages"}],"about":[{"href":"https:\/\/larsonline.dk\/wordpress\/wp-json\/wp\/v2\/types\/page"}],"author":[{"embeddable":true,"href":"https:\/\/larsonline.dk\/wordpress\/wp-json\/wp\/v2\/users\/1"}],"replies":[{"embeddable":true,"href":"https:\/\/larsonline.dk\/wordpress\/wp-json\/wp\/v2\/comments?post=177"}],"version-history":[{"count":9,"href":"https:\/\/larsonline.dk\/wordpress\/wp-json\/wp\/v2\/pages\/177\/revisions"}],"predecessor-version":[{"id":499,"href":"https:\/\/larsonline.dk\/wordpress\/wp-json\/wp\/v2\/pages\/177\/revisions\/499"}],"wp:featuredmedia":[{"embeddable":true,"href":"https:\/\/larsonline.dk\/wordpress\/wp-json\/wp\/v2\/media\/405"}],"wp:attachment":[{"href":"https:\/\/larsonline.dk\/wordpress\/wp-json\/wp\/v2\/media?parent=177"}],"curies":[{"name":"wp","href":"https:\/\/api.w.org\/{rel}","templated":true}]}}